{"id":6841,"date":"2021-09-09T18:09:31","date_gmt":"2021-09-09T16:09:31","guid":{"rendered":"https:\/\/www.ozonaconsulting.com\/?page_id=6841"},"modified":"2024-05-13T22:28:16","modified_gmt":"2024-05-13T20:28:16","slug":"workshop-analise-de-impacto-no-negocio-bia","status":"publish","type":"page","link":"https:\/\/www.ozonaconsulting.com\/pt\/workshop-analise-de-impacto-no-negocio-bia\/","title":{"rendered":"Workshop &#8211; An\u00e1lise de Impacto no Neg\u00f3cio (BIA)"},"content":{"rendered":"<div class=\"wpb-content-wrapper\"><p>[vc_row css_animation=&#8221;&#8221; row_type=&#8221;row&#8221; use_row_as_full_screen_section=&#8221;no&#8221; type=&#8221;full_width&#8221; angled_section=&#8221;no&#8221; text_align=&#8221;left&#8221; background_image_as_pattern=&#8221;without_pattern&#8221; background_color=&#8221;#e8e8e8&#8243; padding_top=&#8221;70&#8243; padding_bottom=&#8221;50&#8243; css=&#8221;.vc_custom_1443952192133{background-color: #ffffff !important;}&#8221;][vc_column][vc_row_inner row_type=&#8221;row&#8221; type=&#8221;grid&#8221; text_align=&#8221;left&#8221; css_animation=&#8221;&#8221;][vc_column_inner][vc_column_text]<a href=\"https:\/\/www.ozonaconsulting.com\/wp-content\/uploads\/2019\/04\/uxia-bia-300x201.png\"><img loading=\"lazy\" decoding=\"async\" class=\"wp-image-3816 size-medium alignright\" src=\"https:\/\/www.ozonaconsulting.com\/wp-content\/uploads\/2019\/04\/uxia-bia-300x201.png\" alt=\"Workshops de an\u00e1lisis del impacto en el negocio (BIA)\" width=\"300\" height=\"201\" srcset=\"https:\/\/www.ozonaconsulting.com\/wp-content\/uploads\/2019\/04\/uxia-bia-300x201.png 300w, https:\/\/www.ozonaconsulting.com\/wp-content\/uploads\/2019\/04\/uxia-bia-768x513.png 768w, https:\/\/www.ozonaconsulting.com\/wp-content\/uploads\/2019\/04\/uxia-bia-1024x685.png 1024w, https:\/\/www.ozonaconsulting.com\/wp-content\/uploads\/2019\/04\/uxia-bia-700x468.png 700w, https:\/\/www.ozonaconsulting.com\/wp-content\/uploads\/2019\/04\/uxia-bia.png 1478w\" sizes=\"auto, (max-width: 300px) 100vw, 300px\" \/><\/a><\/p>\n<p>A An\u00e1lise de Impacto no Neg\u00f3cio (BIA, sigla en Ingl\u00eas &#8211; &nbsp;Business Impact Analysis) \u00e9 uma das atividades chave da Gest\u00e3o da Continuidade do Neg\u00f3cio e da Gest\u00e3o da Continuidade IT.<\/p>\n<p>Neste Workshop \u00e9 apresentada a metodologia completa de BIA, e apresentado um caso de estudo, onde \u00e9 explicada a aplica\u00e7\u00e3o em diferentes ambientes e cen\u00e1rios.<\/p>\n<p>Este Workshop, est\u00e1 alinhado com os requisitos da ISO 22301 de Gest\u00e3o da Continuidade do Neg\u00f3cio e com as diretrizes para a realiza\u00e7\u00e3o de An\u00e1lises de Impacto no Neg\u00f3cio definidas na ISO 22317, que permite aos participantes:<\/p>\n<ul>\n<li>Aplicar de forma imediata a metodologia proposta de An\u00e1lise de Impacto no Neg\u00f3cio;<\/li>\n<li>Alcan\u00e7ar os beneficios associados a uma correta an\u00e1lise, que permita a defini\u00e7\u00e3o de uma estrat\u00e9gia de Continuidade do Neg\u00f3cio adequada.<\/li>\n<\/ul>\n<p>&nbsp;<\/p>\n<h2>Formador<\/h2>\n<p style=\"text-align: left;\">O Workshop \u00e9 apresentado por Ux\u00eda Fern\u00e1ndez, membro do comit\u00e9 editorial da ISO 22301 e Project Leader da especifica\u00e7\u00e3o t\u00e9cnica sobre as diretrizes para a An\u00e1lise de Impacto no Neg\u00f3cio <a class=\"inbound-track-link\" href=\"http:\/\/www.isotc292online.org\/projects\/isots-22317-ed2\/\" target=\"_blank\" rel=\"noopener noreferrer\">ISO\/TS 22317<\/a>&nbsp;e no&nbsp;<a class=\"inbound-track-link\" href=\"http:\/\/www.isotc292online.org\" target=\"_blank\" rel=\"noopener noreferrer\">comit\u00e9 ISO\/TC 292<\/a>.<\/p>\n<p>&nbsp;<\/p>\n<p>As principais caracter\u00edsticas deste workshop s\u00e3o as seguintes:[\/vc_column_text][\/vc_column_inner][\/vc_row_inner][\/vc_column][\/vc_row][vc_row css_animation=&#8221;&#8221; row_type=&#8221;row&#8221; use_row_as_full_screen_section=&#8221;no&#8221; type=&#8221;full_width&#8221; angled_section=&#8221;no&#8221; text_align=&#8221;left&#8221; background_image_as_pattern=&#8221;without_pattern&#8221; padding_top=&#8221;10&#8243; padding_bottom=&#8221;10&#8243;][vc_column][vc_row_inner row_type=&#8221;row&#8221; type=&#8221;grid&#8221; text_align=&#8221;left&#8221; css_animation=&#8221;&#8221;][vc_column_inner width=&#8221;1\/3&#8243;]<div class='q_icon_with_title medium circle center '><div class=\"icon_holder \" style=\" \"><span data-icon-type=\"circle\"   class=\"qode_iwt_icon_holder fa-stack fa-3x  \" style=\"\"><i class=\"qode_icon_font_awesome fa fa-book qode_iwt_icon_element\" style=\"color: #000000;\" ><\/i><\/span><\/div><div class=\"icon_text_holder\" style=\"\"><div class=\"icon_text_inner\" style=\"\"><h5 class=\"icon_title\" style=\"\">TEORIA E PR\u00c1TICA<\/h5><p style=''>A exposi\u00e7\u00e3o te\u00f3rica complementa-se com numerosos exerc\u00edcios pr\u00e1ticos.<\/p><\/div><\/div><\/div>[\/vc_column_inner][vc_column_inner width=&#8221;1\/3&#8243;]<div class='q_icon_with_title medium circle center '><div class=\"icon_holder \" style=\" \"><span data-icon-type=\"circle\"   class=\"qode_iwt_icon_holder fa-stack fa-3x  \" style=\"\"><i class=\"qode_icon_font_awesome fa fa-building qode_iwt_icon_element\" style=\"color: #000000;\" ><\/i><\/span><\/div><div class=\"icon_text_holder\" style=\"\"><div class=\"icon_text_inner\" style=\"\"><h5 class=\"icon_title\" style=\"\">EXEMPLOS REAIS<\/h5><p style=''>Durante toda a forma\u00e7\u00e3o mostram-se in\u00fameros exemplos reais de aplica\u00e7\u00e3o<\/p><\/div><\/div><\/div>[\/vc_column_inner][vc_column_inner width=&#8221;1\/3&#8243;]<div class='q_icon_with_title medium circle center '><div class=\"icon_holder \" style=\" \"><span data-icon-type=\"circle\"   class=\"qode_iwt_icon_holder fa-stack fa-3x  \" style=\"\"><i class=\"qode_icon_font_awesome fa fa-cogs qode_iwt_icon_element\" style=\"color: #000000;\" ><\/i><\/span><\/div><div class=\"icon_text_holder\" style=\"\"><div class=\"icon_text_inner\" style=\"\"><h5 class=\"icon_title\" style=\"\">N\u00c3O REQUER FERRAMENTAS<\/h5><p style=''>A aplica\u00e7\u00e3o das t\u00e9cnicas apresentadas n\u00e3o requer necessariamente ferramentas especificas.<\/p><\/div><\/div><\/div>[\/vc_column_inner][\/vc_row_inner][vc_empty_space][\/vc_column][\/vc_row][vc_row css_animation=&#8221;&#8221; row_type=&#8221;row&#8221; use_row_as_full_screen_section=&#8221;no&#8221; type=&#8221;full_width&#8221; angled_section=&#8221;no&#8221; text_align=&#8221;left&#8221; background_image_as_pattern=&#8221;without_pattern&#8221; background_color=&#8221;#e8e8e8&#8243; padding_top=&#8221;70&#8243; padding_bottom=&#8221;50&#8243;][vc_column][vc_row_inner row_type=&#8221;row&#8221; type=&#8221;grid&#8221; text_align=&#8221;left&#8221; css_animation=&#8221;&#8221;][vc_column_inner][vc_column_text]<\/p>\n<h3 style=\"text-align: center;\"><span style=\"color: #ce2558;\">P\u00daBLICO ALVO<\/span><\/h3>\n<p>[\/vc_column_text][vc_empty_space height=&#8221;15px&#8221;][vc_column_text]A forma\u00e7\u00e3o de BIA \u00e9 orientada fundamentalmente aos seguintes perfis:<\/p>\n<p>&nbsp;<\/p>\n<ul>\n<li>Respons\u00e1vel de Continuidade do Neg\u00f3cio ou pessoas que participam num Sistema de Gest\u00e3o de Continuidade do Neg\u00f3cio;<\/li>\n<li>Respons\u00e1veis de Continuidade TIC;<\/li>\n<li>Respons\u00e1veis de processos de neg\u00f3cio que desejam definir seus requisitos de Continuidade;<\/li>\n<li>Respons\u00e1veis de servi\u00e7os TIC que desejam definir seus requisitos de Continuidade.<\/li>\n<\/ul>\n<p>&nbsp;<\/p>\n<p>N\u00e3o &nbsp;requer conhecimentos profundos de Continuidade do Neg\u00f3cio, embora seja aconselh\u00e1vel ter conhecimentos b\u00e1sicos.[\/vc_column_text][\/vc_column_inner][\/vc_row_inner][\/vc_column][\/vc_row][vc_row css_animation=&#8221;&#8221; row_type=&#8221;row&#8221; use_row_as_full_screen_section=&#8221;no&#8221; type=&#8221;grid&#8221; angled_section=&#8221;no&#8221; text_align=&#8221;left&#8221; background_image_as_pattern=&#8221;without_pattern&#8221; padding_top=&#8221;70&#8243; padding_bottom=&#8221;50&#8243; z_index=&#8221;&#8221;][vc_column][vc_column_text]<\/p>\n<p style=\"text-align: center;\">A forma\u00e7\u00e3o de An\u00e1lise de Impacto no Neg\u00f3cio (BIA) tem um \u00fanico n\u00edvel,<br \/>\nembora possa ser complementado com sess\u00f5es formativas sobre outros aspetos de Continuidade do Neg\u00f3cio<\/p>\n<p>[\/vc_column_text][vc_row_inner row_type=&#8221;row&#8221; type=&#8221;grid&#8221; text_align=&#8221;center&#8221; padding_top=&#8221;30&#8243; css_animation=&#8221;&#8221;][vc_column_inner width=&#8221;1\/3&#8243;]<br \/>\n[\/vc_column_inner][vc_column_inner width=&#8221;1\/3&#8243;]<div class='q_icon_with_title medium circle center '><div class=\"icon_holder \" style=\" \"><span data-icon-type=\"circle\"   class=\"qode_iwt_icon_holder fa-stack fa-3x  \" style=\"\"><i class=\"qode_icon_font_awesome fa fa-compass qode_iwt_icon_element\" style=\"color: #000000;\" ><\/i><\/span><\/div><div class=\"icon_text_holder\" style=\"\"><div class=\"icon_text_inner\" style=\"\"><h5 class=\"icon_title\" style=\"\">Workshop de BIA<\/h5><p style=''>Online: 595\u20ac + IVA \/ formando<\/p><\/div><\/div><\/div>[\/vc_column_inner][vc_column_inner width=&#8221;1\/3&#8243;]<br \/>\n[\/vc_column_inner][\/vc_row_inner][vc_empty_space][\/vc_column][\/vc_row][vc_row css_animation=&#8221;&#8221; row_type=&#8221;row&#8221; use_row_as_full_screen_section=&#8221;no&#8221; type=&#8221;full_width&#8221; angled_section=&#8221;no&#8221; text_align=&#8221;left&#8221; background_image_as_pattern=&#8221;without_pattern&#8221;][vc_column][vc_column_text]<\/p>\n<p>[\/vc_column_text][\/vc_column][\/vc_row][vc_row css_animation=&#8221;&#8221; row_type=&#8221;row&#8221; use_row_as_full_screen_section=&#8221;no&#8221; type=&#8221;full_width&#8221; angled_section=&#8221;no&#8221; text_align=&#8221;left&#8221; background_image_as_pattern=&#8221;without_pattern&#8221; background_color=&#8221;#e8e8e8&#8243; padding_top=&#8221;70&#8243; padding_bottom=&#8221;50&#8243;][vc_column][vc_row_inner row_type=&#8221;row&#8221; type=&#8221;grid&#8221; text_align=&#8221;left&#8221; css_animation=&#8221;&#8221;][vc_column_inner width=&#8221;5\/12&#8243;][vc_single_image image=&#8221;3825&#8243; img_size=&#8221;large&#8221; qode_css_animation=&#8221;&#8221;][\/vc_column_inner][vc_column_inner width=&#8221;7\/12&#8243;][vc_column_text]<\/p>\n<h2 style=\"text-align: center;\"><span style=\"color: #ce2558;\">AN\u00c1LISE DE IMPACTO NO NEG\u00d3CIO (BIA)<\/span><\/h2>\n<p>[\/vc_column_text][vc_empty_space height=&#8221;15px&#8221;][vc_column_text]Metodologia de An\u00e1lise de Impacto no Neg\u00f3cio, incluindo a explica\u00e7\u00e3o de todas as suas fases, desde os requisitos necess\u00e1rios para a abordagem, at\u00e9 \u00e0 an\u00e1lise das estrat\u00e9gias e solu\u00e7\u00f5es de continuidade elegidas e o modo como podem afetar a organiza\u00e7\u00e3o na entrega dos seus produtos e servi\u00e7os.[\/vc_column_text][vc_empty_space height=&#8221;15px&#8221;][\/vc_column_inner][\/vc_row_inner][\/vc_column][\/vc_row][vc_row css_animation=&#8221;&#8221; row_type=&#8221;row&#8221; use_row_as_full_screen_section=&#8221;no&#8221; type=&#8221;full_width&#8221; angled_section=&#8221;no&#8221; text_align=&#8221;left&#8221; background_image_as_pattern=&#8221;without_pattern&#8221;][vc_column][vc_column_text]<\/p>\n<p>[\/vc_column_text][\/vc_column][\/vc_row][vc_row css_animation=&#8221;&#8221; row_type=&#8221;row&#8221; use_row_as_full_screen_section=&#8221;no&#8221; type=&#8221;full_width&#8221; angled_section=&#8221;no&#8221; text_align=&#8221;left&#8221; background_image_as_pattern=&#8221;without_pattern&#8221; padding_top=&#8221;70&#8243; padding_bottom=&#8221;50&#8243;][vc_column width=&#8221;1\/6&#8243;][vc_empty_space][\/vc_column][vc_column width=&#8221;2\/3&#8243;][vc_column_text]<\/p>\n<h2 style=\"text-align: center;\"><span style=\"color: #ce2558;\">AGENDA DO WORKSHOP<\/span><\/h2>\n<p>[\/vc_column_text][vc_empty_space height=&#8221;15px&#8221;][vc_accordion active_tab=&#8221;1&#8243; style=&#8221;accordion&#8221; disable_keyboard=&#8221;&#8221;][vc_accordion_tab title=&#8221;AN\u00c1LISE DE IMPACTO NO NEG\u00d3CIO (BIA)&#8221; title_tag=&#8221;h4&#8243;][vc_column_text]<strong><span class=\"s2\">Introdu\u00e7\u00e3o \u00e0 Continuidade do Neg\u00f3cio<\/span><\/strong><\/p>\n<ul>\n<li>Breve introdu\u00e7\u00e3o \u00e0 Continuidade do Neg\u00f3cio<\/li>\n<li>Introdu\u00e7\u00e3o a um Sistema de Gest\u00e3o de Continuidade do Neg\u00f3cio<\/li>\n<li>Introdu\u00e7\u00e3o ao BIA<\/li>\n<\/ul>\n<p><strong>Metodologia para a realiza\u00e7\u00e3o do BIA<\/strong><\/p>\n<ul>\n<li>Requisitos pr\u00e9vios \u00e0 realiza\u00e7\u00e3o do BIA<\/li>\n<li>Realizar uma an\u00e1lise de Impacto no Neg\u00f3cio\n<ul>\n<li>Planear um BIA<\/li>\n<li>Determinar o \u00e2mbito para o BIA\n<ul>\n<li>Tipos e crit\u00e9rios de impacto<\/li>\n<li>Metodologia a seguir<\/li>\n<\/ul>\n<\/li>\n<li>Priorizar produtos e servi\u00e7os<\/li>\n<li>Priorizar atividades<\/li>\n<li>Identificar recursos e outras depend\u00eancias<\/li>\n<li>Analisar e consolidar os resultados<\/li>\n<li>Obter valida\u00e7\u00e3o da gest\u00e3o de topo dos resultados BIA<\/li>\n<li>Processo de seguimento e revis\u00e3o do BIA<\/li>\n<\/ul>\n<\/li>\n<\/ul>\n<p><strong>Pr\u00f3ximos passos<\/strong><\/p>\n<ul>\n<li>Pr\u00f3ximos passos: Determinar estrat\u00e9gias e solu\u00e7\u00f5es de Continuidade do Neg\u00f3cio<\/li>\n<\/ul>\n<p>[\/vc_column_text][\/vc_accordion_tab][\/vc_accordion][\/vc_column][vc_column width=&#8221;1\/6&#8243;][vc_empty_space][\/vc_column][\/vc_row][vc_row css_animation=&#8221;&#8221; row_type=&#8221;row&#8221; use_row_as_full_screen_section=&#8221;no&#8221; type=&#8221;full_width&#8221; angled_section=&#8221;no&#8221; text_align=&#8221;left&#8221; background_image_as_pattern=&#8221;without_pattern&#8221;][vc_column][vc_column_text]<\/p>\n<p>[\/vc_column_text][\/vc_column][\/vc_row][vc_row css_animation=&#8221;&#8221; row_type=&#8221;row&#8221; use_row_as_full_screen_section=&#8221;no&#8221; type=&#8221;grid&#8221; angled_section=&#8221;no&#8221; text_align=&#8221;left&#8221; background_image_as_pattern=&#8221;without_pattern&#8221; padding_top=&#8221;70&#8243; padding_bottom=&#8221;50&#8243;][vc_column][vc_column_text]<\/p>\n<h2 id=\"contacto\" style=\"text-align: center;\"><span style=\"color: #ce2558;\">Solicite mais informa\u00e7\u00f5es<\/span><\/h2>\n<p>[\/vc_column_text][vc_separator type=&#8221;normal&#8221; transparency=&#8221;0&#8243; align=&#8221;align_center&#8221;][vc_raw_html]JTVCY29udGFjdC1mb3JtLTclMjBpZCUzRCUyMjkzNDklMjIlMjB0aXRsZSUzRCUyMndvcmtzaG9wcyUyMEJJQV9QVCUyMiUyMGh0bWxfaWQlM0QlMjJiaWElMjBmb3JtJTIwcHQlMjIlNUQ=[\/vc_raw_html][vc_empty_space][vc_column_text]Os dados pessoais recebidos atrav\u00e9s do formul\u00e1rio, ser\u00e3o tratados para gerir a sua participa\u00e7\u00e3o no evento que se inscreveu. &nbsp;Pode exercer o direito de acesso, retifica\u00e7\u00f5es e cancelamento atrav\u00e9s da morada: &nbsp;Servicio de Consultor\u00eda de Procesos Ozona S.L., Av. General Per\u00f3n 29, planta 16 \u00b7 28020 \u00b7 Madrid.[\/vc_column_text][\/vc_column][\/vc_row]<\/p>\n<\/div>","protected":false},"excerpt":{"rendered":"<p>[vc_row css_animation=&#8221;&#8221; row_type=&#8221;row&#8221; use_row_as_full_screen_section=&#8221;no&#8221; type=&#8221;full_width&#8221; angled_section=&#8221;no&#8221; text_align=&#8221;left&#8221; background_image_as_pattern=&#8221;without_pattern&#8221; background_color=&#8221;#e8e8e8&#8243; padding_top=&#8221;70&#8243; padding_bottom=&#8221;50&#8243; css=&#8221;.vc_custom_1443952192133{background-color: #ffffff !important;}&#8221;][vc_column][vc_row_inner row_type=&#8221;row&#8221; type=&#8221;grid&#8221; text_align=&#8221;left&#8221; css_animation=&#8221;&#8221;][vc_column_inner][vc_column_text] A An\u00e1lise de Impacto no Neg\u00f3cio (BIA, sigla en Ingl\u00eas &#8211; &nbsp;Business Impact Analysis) \u00e9 uma das atividades chave da Gest\u00e3o da Continuidade do Neg\u00f3cio e da&#8230;<\/p>\n","protected":false},"author":1,"featured_media":10072,"parent":0,"menu_order":0,"comment_status":"closed","ping_status":"closed","template":"full_width.php","meta":{"_seopress_robots_primary_cat":"","_seopress_titles_title":"","_seopress_titles_desc":"","_seopress_robots_index":"","content-type":"","ngg_post_thumbnail":0,"footnotes":""},"class_list":["post-6841","page","type-page","status-publish","has-post-thumbnail","hentry"],"_links":{"self":[{"href":"https:\/\/www.ozonaconsulting.com\/pt\/wp-json\/wp\/v2\/pages\/6841","targetHints":{"allow":["GET"]}}],"collection":[{"href":"https:\/\/www.ozonaconsulting.com\/pt\/wp-json\/wp\/v2\/pages"}],"about":[{"href":"https:\/\/www.ozonaconsulting.com\/pt\/wp-json\/wp\/v2\/types\/page"}],"author":[{"embeddable":true,"href":"https:\/\/www.ozonaconsulting.com\/pt\/wp-json\/wp\/v2\/users\/1"}],"replies":[{"embeddable":true,"href":"https:\/\/www.ozonaconsulting.com\/pt\/wp-json\/wp\/v2\/comments?post=6841"}],"version-history":[{"count":21,"href":"https:\/\/www.ozonaconsulting.com\/pt\/wp-json\/wp\/v2\/pages\/6841\/revisions"}],"predecessor-version":[{"id":9676,"href":"https:\/\/www.ozonaconsulting.com\/pt\/wp-json\/wp\/v2\/pages\/6841\/revisions\/9676"}],"wp:featuredmedia":[{"embeddable":true,"href":"https:\/\/www.ozonaconsulting.com\/pt\/wp-json\/wp\/v2\/media\/10072"}],"wp:attachment":[{"href":"https:\/\/www.ozonaconsulting.com\/pt\/wp-json\/wp\/v2\/media?parent=6841"}],"curies":[{"name":"wp","href":"https:\/\/api.w.org\/{rel}","templated":true}]}}