{"id":3957,"date":"2019-10-10T11:34:19","date_gmt":"2019-10-10T09:34:19","guid":{"rendered":"https:\/\/www.ozonaconsulting.com\/masterclass-iso-22301-2019-saul-midler-uxia-fernandez\/"},"modified":"2024-05-13T22:27:15","modified_gmt":"2024-05-13T20:27:15","slug":"masterclass-iso-22301-2019-saul-midler-uxia-fernandez","status":"publish","type":"page","link":"https:\/\/www.ozonaconsulting.com\/pt\/masterclass-iso-22301-2019-saul-midler-uxia-fernandez\/","title":{"rendered":"Masterclass ISO 22301:2019 com Ux\u00eda Fern\u00e1ndez"},"content":{"rendered":"<div class=\"wpb-content-wrapper\"><p>[vc_row css_animation=&#8221;&#8221; row_type=&#8221;row&#8221; use_row_as_full_screen_section=&#8221;no&#8221; type=&#8221;full_width&#8221; angled_section=&#8221;no&#8221; text_align=&#8221;left&#8221; background_image=&#8221;3974&#8243; background_image_as_pattern=&#8221;without_pattern&#8221; background_color=&#8221;#e8e8e8&#8243; padding_top=&#8221;0&#8243; padding_bottom=&#8221;0&#8243; z_index=&#8221;&#8221;][vc_column][vc_row_inner row_type=&#8221;row&#8221; type=&#8221;grid&#8221; text_align=&#8221;left&#8221; css_animation=&#8221;&#8221;][vc_column_inner][vc_empty_space height=&#8221;250px&#8221;][\/vc_column_inner][\/vc_row_inner][\/vc_column][\/vc_row][vc_row css_animation=&#8221;&#8221; row_type=&#8221;row&#8221; use_row_as_full_screen_section=&#8221;no&#8221; type=&#8221;full_width&#8221; angled_section=&#8221;no&#8221; text_align=&#8221;left&#8221; background_image_as_pattern=&#8221;without_pattern&#8221; background_color=&#8221;#e8e8e8&#8243; padding_top=&#8221;70&#8243; padding_bottom=&#8221;50&#8243; css=&#8221;.vc_custom_1443952192133{background-color: #ffffff !important;}&#8221;][vc_column][vc_row_inner row_type=&#8221;row&#8221; type=&#8221;grid&#8221; text_align=&#8221;left&#8221; css_animation=&#8221;&#8221;][vc_column_inner][vc_column_text]No dia 13 de setembro de 2019, 49 pa\u00edses aprovaram por unanimidade a publica\u00e7\u00e3o da nova vers\u00e3o da ISO 22301:2019.<\/p>\n<p>&nbsp;<\/p>\n<p>Ux\u00eda Fern\u00e1ndez, representante de Portugal no WG2 da ISO\/TC 292 e project leader da ISO\/TS 22317, apresentar\u00e1 em Madrid&nbsp; (27 de Maio) e Barcelona (28 de Maio), uma <em>masterclass<\/em> de um dia que capacitar\u00e1 os participantes a alinhar os sistemas de gest\u00e3o das suas empresas com os novos requisitos da ISO 22301:2019.<\/p>\n<p>&nbsp;<\/p>\n<p>Atrav\u00e9s de uma abordagem te\u00f3rico-pr\u00e1tica, este curso visa proporcionar uma vis\u00e3o global da norma e explicar as principais novidades introduzidas incluindo exemplos de aplica\u00e7\u00e3o dos novos requisitos, bem como os desafios que a sua revis\u00e3o acarretou.<\/p>\n<p>&nbsp;<\/p>\n<p>O principal objetivo desta forma\u00e7\u00e3o \u00e9 que os participantes possam identificar quais os requisitos a que requerem especial aten\u00e7\u00e3o de forma a estarem alinhados com a norma, em caso de desejarem ser certificados, migrar o seu certificado ISO 22301: 2012 para a nova vers\u00e3o ou implementar de ra\u00edz um sistema de gest\u00e3o alinhado com a nova ISO 22301: 2019.<\/p>\n<p>&nbsp;<\/p>\n<p>Esta forma\u00e7\u00e3o \u00e9 essencial para as organiza\u00e7\u00f5es que adotaram a ISO 22301 como framework para o seu Sistema de Gest\u00e3o de Continuidade do Neg\u00f3cio e essencial para as organiza\u00e7\u00f5es j\u00e1 certificadas, que ter\u00e3o de realizar todas as tarefas necess\u00e1rias para estar em conformidade com os requisitos da nova edi\u00e7\u00e3o da norma.<\/p>\n<p>&nbsp;<\/p>\n<p>N\u00e3o perca a oportunidade de partilhar a sess\u00e3o diretamente com uma project leader da norma![\/vc_column_text][\/vc_column_inner][\/vc_row_inner][\/vc_column][\/vc_row][vc_row css_animation=&#8221;&#8221; row_type=&#8221;row&#8221; use_row_as_full_screen_section=&#8221;no&#8221; type=&#8221;full_width&#8221; angled_section=&#8221;no&#8221; text_align=&#8221;left&#8221; background_image_as_pattern=&#8221;without_pattern&#8221; padding_top=&#8221;10&#8243; padding_bottom=&#8221;10&#8243;][vc_column][vc_row_inner row_type=&#8221;row&#8221; type=&#8221;full_width&#8221; text_align=&#8221;left&#8221; css_animation=&#8221;&#8221;][vc_column_inner][vc_column_text]<\/p>\n<h2 style=\"text-align: center;\"><span style=\"color: #ce2558;\">PRINCIPAIS CARACTER\u00cdSTICAS DA MASTERCLASS ISO 22301:2019<\/span><\/h2>\n<p>[\/vc_column_text][\/vc_column_inner][\/vc_row_inner][vc_empty_space][vc_row_inner row_type=&#8221;row&#8221; type=&#8221;grid&#8221; text_align=&#8221;left&#8221; css_animation=&#8221;&#8221;][vc_column_inner width=&#8221;1\/3&#8243;]<div class='q_icon_with_title medium circle center '><div class=\"icon_holder \" style=\" \"><span data-icon-type=\"circle\"   class=\"qode_iwt_icon_holder fa-stack fa-3x  \" style=\"\"><i class=\"qode_icon_font_awesome fa fa-book qode_iwt_icon_element\" style=\"color: #000000;\" ><\/i><\/span><\/div><div class=\"icon_text_holder\" style=\"\"><div class=\"icon_text_inner\" style=\"\"><h3 class=\"icon_title\" style=\"\">VIS\u00c3O GERAL E NOVIDADES<\/h3><p style=''>A master class pretende dar uma vis\u00e3o geral da norma ISO 22301:2019 com especial aten\u00e7\u00e3o nas novidades desta nova vers\u00e3o.<\/p><\/div><\/div><\/div>[\/vc_column_inner][vc_column_inner width=&#8221;1\/3&#8243;]<div class='q_icon_with_title medium circle center '><div class=\"icon_holder \" style=\" \"><span data-icon-type=\"circle\"   class=\"qode_iwt_icon_holder fa-stack fa-3x  \" style=\"\"><i class=\"qode_icon_font_awesome fa fa-building qode_iwt_icon_element\" style=\"color: #000000;\" ><\/i><\/span><\/div><div class=\"icon_text_holder\" style=\"\"><div class=\"icon_text_inner\" style=\"\"><h3 class=\"icon_title\" style=\"\">EXEMPLOS<\/h3><p style=''>Durante a forma\u00e7\u00e3o s\u00e3o apresentados exemplos pr\u00e1ticos de aplica\u00e7\u00e3o dos novos requisitos e daqueles que foram alterados.<\/p><\/div><\/div><\/div>[\/vc_column_inner][vc_column_inner width=&#8221;1\/3&#8243;]<div class='q_icon_with_title medium circle center '><div class=\"icon_holder \" style=\" \"><span data-icon-type=\"circle\"   class=\"qode_iwt_icon_holder fa-stack fa-3x  \" style=\"\"><i class=\"qode_icon_font_awesome fa fa-briefcase qode_iwt_icon_element\" style=\"color: #000000;\" ><\/i><\/span><\/div><div class=\"icon_text_holder\" style=\"\"><div class=\"icon_text_inner\" style=\"\"><h3 class=\"icon_title\" style=\"\">TIPO DE EMPRESAS<\/h3><p style=''>Adequado para todo o tipo de empresas, tanto se pretenderem certificar-se, migrar o seu certificado atual ou implementar um sistema de gest\u00e3o de ra\u00edz alinhado com a ISO 22301:2019.<\/p><\/div><\/div><\/div>[\/vc_column_inner][\/vc_row_inner][vc_empty_space][\/vc_column][\/vc_row][vc_row css_animation=&#8221;&#8221; row_type=&#8221;row&#8221; use_row_as_full_screen_section=&#8221;no&#8221; type=&#8221;full_width&#8221; angled_section=&#8221;no&#8221; text_align=&#8221;left&#8221; background_image_as_pattern=&#8221;without_pattern&#8221; background_color=&#8221;#e8e8e8&#8243; padding_top=&#8221;70&#8243; padding_bottom=&#8221;50&#8243; css=&#8221;.vc_custom_1443952192133{background-color: #ffffff !important;}&#8221;][vc_column][\/vc_column][\/vc_row][vc_row css_animation=&#8221;&#8221; row_type=&#8221;row&#8221; use_row_as_full_screen_section=&#8221;no&#8221; type=&#8221;full_width&#8221; angled_section=&#8221;no&#8221; text_align=&#8221;left&#8221; background_image_as_pattern=&#8221;without_pattern&#8221; background_color=&#8221;#e8e8e8&#8243; padding_top=&#8221;70&#8243; padding_bottom=&#8221;50&#8243;][vc_column][vc_row_inner row_type=&#8221;row&#8221; type=&#8221;grid&#8221; text_align=&#8221;left&#8221; css_animation=&#8221;&#8221;][vc_column_inner][vc_column_text]<\/p>\n<h2 style=\"text-align: center;\"><span style=\"color: #ce2558;\">P\u00daBLICO-ALVO DA MASTERCLASS ISO 22301:2019<\/span><\/h2>\n<p>[\/vc_column_text][vc_empty_space height=&#8221;15px&#8221;][vc_column_text]A Master Class ISO 22301:2019 \u00e9 fundamentalmente orientada aos seguintes tipos de perfis:<\/p>\n<ul>\n<li>Respons\u00e1veis de:\n<ul>\n<li>Continuidade de neg\u00f3cio<\/li>\n<li>Resili\u00eancia organizacional\/operacional<\/li>\n<li>Seguran\u00e7a<\/li>\n<li>Gest\u00e3o de risco<\/li>\n<\/ul>\n<\/li>\n<li>Pessoas que participam num Sistema de Gest\u00e3o de Continuidade do Neg\u00f3cio<\/li>\n<\/ul>\n<p>[\/vc_column_text][\/vc_column_inner][\/vc_row_inner][\/vc_column][\/vc_row][vc_row css_animation=&#8221;&#8221; row_type=&#8221;row&#8221; use_row_as_full_screen_section=&#8221;no&#8221; type=&#8221;full_width&#8221; angled_section=&#8221;no&#8221; text_align=&#8221;left&#8221; background_image=&#8221;3982&#8243; background_image_as_pattern=&#8221;without_pattern&#8221; background_color=&#8221;#e8e8e8&#8243; padding_top=&#8221;70&#8243; padding_bottom=&#8221;50&#8243; z_index=&#8221;&#8221;][vc_column][vc_row_inner row_type=&#8221;row&#8221; type=&#8221;grid&#8221; text_align=&#8221;left&#8221; css_animation=&#8221;&#8221;][vc_column_inner][vc_empty_space height=&#8221;150px&#8221;][\/vc_column_inner][\/vc_row_inner][\/vc_column][\/vc_row][vc_row css_animation=&#8221;&#8221; row_type=&#8221;row&#8221; use_row_as_full_screen_section=&#8221;no&#8221; type=&#8221;full_width&#8221; angled_section=&#8221;no&#8221; text_align=&#8221;left&#8221; background_image_as_pattern=&#8221;without_pattern&#8221; padding_top=&#8221;70&#8243; padding_bottom=&#8221;50&#8243;][vc_column width=&#8221;1\/6&#8243;][vc_empty_space][\/vc_column][vc_column width=&#8221;2\/3&#8243;][vc_column_text]<\/p>\n<h2 style=\"text-align: center;\"><span style=\"color: #ce2558;\">PVP E OUTROS DADOS DE INTERESSE<\/span><\/h2>\n<p>[\/vc_column_text][vc_column_text]PVP: 595\u20ac + IVA por assistente.<\/p>\n<p>Os pre\u00e7os do curso incluem comida, diploma e material da <em>masterclass<\/em>.<\/p>\n<p>&nbsp;<\/p>\n<h3>Localiza\u00e7\u00f5es<\/h3>\n<ul>\n<li>Madrid: Centro da cidade, lugar exato por definir<\/li>\n<li>Barcelona: The Corner Hotel<\/li>\n<\/ul>\n<p>&nbsp;<\/p>\n<h3>Hor\u00e1rio<\/h3>\n<ul>\n<li>de 9:00 a 17:00<\/li>\n<\/ul>\n<p>&nbsp;<\/p>\n<h3>Agenda da sess\u00e3o<\/h3>\n<ul>\n<li>Introdu\u00e7\u00e3o e objetivos<\/li>\n<li>Contexto da revis\u00e3o da ISO 22301: 2019<\/li>\n<li>Introdu\u00e7\u00e3o \u00e0s normas ISO\n<ul>\n<li>High Level Structure (anexo L)<\/li>\n<li>Fam\u00edlia de normas de continuidade de neg\u00f3cios<\/li>\n<\/ul>\n<\/li>\n<li>Principais altera\u00e7\u00f5es\n<ul>\n<li>Melhorias gerais da nova vers\u00e3o e crit\u00e9rios acordados<\/li>\n<li>Novas cl\u00e1usulas<\/li>\n<li>Outras altera\u00e7\u00f5es relevantes<\/li>\n<\/ul>\n<\/li>\n<\/ul>\n<ul>\n<li>Introdu\u00e7\u00e3o, termos e defini\u00e7\u00f5es<\/li>\n<li>Cl\u00e1usulas 4 a 10:\n<ul>\n<li>Resumo dos requisitos mais relevantes<\/li>\n<li>Principais altera\u00e7\u00f5es<\/li>\n<li>Desafios e discuss\u00f5es<\/li>\n<li>Exerc\u00edcios pr\u00e1ticos<\/li>\n<\/ul>\n<\/li>\n<li>Principais conclus\u00f5es<\/li>\n<li>Perguntas e respostas<\/li>\n<\/ul>\n<p>[\/vc_column_text][vc_empty_space height=&#8221;15px&#8221;][\/vc_column][vc_column width=&#8221;1\/6&#8243;][vc_empty_space][\/vc_column][\/vc_row][vc_row css_animation=&#8221;&#8221; row_type=&#8221;row&#8221; use_row_as_full_screen_section=&#8221;no&#8221; type=&#8221;full_width&#8221; angled_section=&#8221;no&#8221; text_align=&#8221;left&#8221; background_image_as_pattern=&#8221;without_pattern&#8221;][vc_column][vc_column_text] [\/vc_column_text][\/vc_column][\/vc_row][vc_row css_animation=&#8221;&#8221; row_type=&#8221;row&#8221; use_row_as_full_screen_section=&#8221;no&#8221; type=&#8221;full_width&#8221; angled_section=&#8221;no&#8221; text_align=&#8221;left&#8221; background_image_as_pattern=&#8221;without_pattern&#8221; background_color=&#8221;#ffffff&#8221; padding_top=&#8221;70&#8243; padding_bottom=&#8221;50&#8243;][vc_column][vc_row_inner row_type=&#8221;row&#8221; type=&#8221;grid&#8221; text_align=&#8221;left&#8221; css_animation=&#8221;&#8221;][vc_column_inner width=&#8221;1\/3&#8243;][vc_single_image image=&#8221;3968&#8243; img_size=&#8221;235&#215;247&#8243; qode_css_animation=&#8221;&#8221;][\/vc_column_inner][vc_column_inner width=&#8221;2\/3&#8243;][vc_column_text]<\/p>\n<h2 style=\"text-align: left;\"><span id=\"nivel1\" style=\"color: #ce2558;\">UX\u00cdA FERN\u00c1NDEZ<\/span><\/h2>\n<p>[\/vc_column_text][vc_empty_space height=&#8221;15px&#8221;][vc_column_text]<\/p>\n<ul>\n<li>Representante de Portugal (IPQ) no WG2 do Comit\u00e9 ISO\/TC 292 que se encarga desta revis\u00e3o<\/li>\n<li>Project Leader da ISO\/TC 22317 Guidelines for Business Impact Analysis (BIA)<\/li>\n<li>ISO 22301 Master por PECB (inclui ISO 22301 Lead Auditor e Lead Implementer)<\/li>\n<li>Diretora de Consultoria de Continuidade de Neg\u00f3cio da Ozona<\/li>\n<\/ul>\n<p>[\/vc_column_text][vc_empty_space height=&#8221;15px&#8221;][\/vc_column_inner][\/vc_row_inner][\/vc_column][\/vc_row][vc_row css_animation=&#8221;&#8221; row_type=&#8221;row&#8221; use_row_as_full_screen_section=&#8221;no&#8221; type=&#8221;full_width&#8221; angled_section=&#8221;no&#8221; text_align=&#8221;left&#8221; background_image_as_pattern=&#8221;without_pattern&#8221; background_color=&#8221;#ffffff&#8221; padding_top=&#8221;70&#8243; padding_bottom=&#8221;50&#8243;][vc_column css=&#8221;.vc_custom_1536056177530{background-color: #e8e8e8 !important;}&#8221;][vc_column_text]<\/p>\n<h2 id=\"contacto\" style=\"text-align: center;\"><span style=\"color: #ce2558;\">Pedido de inscri\u00e7\u00e3o na masterclass ISO 22301:2019<\/span><\/h2>\n<p>[\/vc_column_text][vc_separator type=&#8221;normal&#8221; transparency=&#8221;0&#8243; align=&#8221;align_center&#8221;][vc_row_inner row_type=&#8221;row&#8221; type=&#8221;grid&#8221; text_align=&#8221;left&#8221; background_color=&#8221;#ffffff&#8221; css_animation=&#8221;&#8221; css=&#8221;.vc_custom_1536054851436{margin-top: 20px !important;}&#8221;][vc_column_inner][vc_column_text]<\/p>\n<p class=\"p1\">[inbound_forms id=&#8221;3987&#8243; name=&#8221;Masterclass ISO 22301 PT&#8221;]<\/p>\n<p>[\/vc_column_text][vc_column_text]Os dados pessoais recolhidos atrav\u00e9s do presente formul\u00e1rio, ser\u00e3o tratados para gerir a sua participa\u00e7\u00e3o no evento em que se inscreve. Pode exercer os seus direitos de acesso, retifica\u00e7\u00e3o e cancelamento mediante carta escrita a Servicio de Consultor\u00eda de Procesos Ozona S.L., Av. General Per\u00f3n 29, planta 16 \u00b7 28020 \u00b7 Madrid[\/vc_column_text][\/vc_column_inner][\/vc_row_inner][\/vc_column][\/vc_row][vc_row css_animation=&#8221;&#8221; row_type=&#8221;row&#8221; use_row_as_full_screen_section=&#8221;no&#8221; type=&#8221;full_width&#8221; angled_section=&#8221;no&#8221; text_align=&#8221;left&#8221; background_image_as_pattern=&#8221;without_pattern&#8221;][vc_column][vc_column_text] [\/vc_column_text][\/vc_column][\/vc_row][vc_row css_animation=&#8221;&#8221; row_type=&#8221;row&#8221; use_row_as_full_screen_section=&#8221;no&#8221; type=&#8221;full_width&#8221; angled_section=&#8221;no&#8221; text_align=&#8221;left&#8221; background_image_as_pattern=&#8221;without_pattern&#8221;][vc_column][vc_column_text]<\/p>\n<p class=\"p1\">[\/vc_column_text][vc_raw_html]JTNDc2NyaXB0JTIwdHlwZSUzRCUyMnRleHQlMkZqYXZhc2NyaXB0JTIyJTNFJTBBX2xpbmtlZGluX2RhdGFfcGFydG5lcl9pZCUyMCUzRCUyMCUyMjIyMTQxMCUyMiUzQiUwQSUzQyUyRnNjcmlwdCUzRSUzQ3NjcmlwdCUyMHR5cGUlM0QlMjJ0ZXh0JTJGamF2YXNjcmlwdCUyMiUzRSUwQSUyOGZ1bmN0aW9uJTI4JTI5JTdCdmFyJTIwcyUyMCUzRCUyMGRvY3VtZW50LmdldEVsZW1lbnRzQnlUYWdOYW1lJTI4JTIyc2NyaXB0JTIyJTI5JTVCMCU1RCUzQiUwQXZhciUyMGIlMjAlM0QlMjBkb2N1bWVudC5jcmVhdGVFbGVtZW50JTI4JTIyc2NyaXB0JTIyJTI5JTNCJTBBYi50eXBlJTIwJTNEJTIwJTIydGV4dCUyRmphdmFzY3JpcHQlMjIlM0JiLmFzeW5jJTIwJTNEJTIwdHJ1ZSUzQiUwQWIuc3JjJTIwJTNEJTIwJTIyaHR0cHMlM0ElMkYlMkZzbmFwLmxpY2RuLmNvbSUyRmxpLmxtcy1hbmFseXRpY3MlMkZpbnNpZ2h0Lm1pbi5qcyUyMiUzQiUwQXMucGFyZW50Tm9kZS5pbnNlcnRCZWZvcmUlMjhiJTJDJTIwcyUyOSUzQiU3RCUyOSUyOCUyOSUzQiUwQSUzQyUyRnNjcmlwdCUzRSUwQSUzQ25vc2NyaXB0JTNFJTBBJTNDaW1nJTIwaGVpZ2h0JTNEJTIyMSUyMiUyMHdpZHRoJTNEJTIyMSUyMiUyMHN0eWxlJTNEJTIyZGlzcGxheSUzQW5vbmUlM0IlMjIlMjBhbHQlM0QlMjIlMjIlMjBzcmMlM0QlMjJodHRwcyUzQSUyRiUyRmRjLmFkcy5saW5rZWRpbi5jb20lMkZjb2xsZWN0JTJGJTNGcGlkJTNEMjIxNDEwJTI2Zm10JTNEZ2lmJTIyJTIwJTJGJTNFJTBBJTNDJTJGbm9zY3JpcHQlM0U=[\/vc_raw_html][\/vc_column][\/vc_row][vc_row css_animation=&#8221;&#8221; row_type=&#8221;row&#8221; use_row_as_full_screen_section=&#8221;no&#8221; type=&#8221;full_width&#8221; angled_section=&#8221;no&#8221; text_align=&#8221;left&#8221; background_image_as_pattern=&#8221;without_pattern&#8221;][vc_column][vc_column_text]<\/p>\n<p>[\/vc_column_text][\/vc_column][\/vc_row]<\/p>\n<\/div>","protected":false},"excerpt":{"rendered":"<p>[vc_row css_animation=&#8221;&#8221; row_type=&#8221;row&#8221; use_row_as_full_screen_section=&#8221;no&#8221; type=&#8221;full_width&#8221; angled_section=&#8221;no&#8221; text_align=&#8221;left&#8221; background_image=&#8221;3974&#8243; background_image_as_pattern=&#8221;without_pattern&#8221; background_color=&#8221;#e8e8e8&#8243; padding_top=&#8221;0&#8243; padding_bottom=&#8221;0&#8243; z_index=&#8221;&#8221;][vc_column][vc_row_inner row_type=&#8221;row&#8221; type=&#8221;grid&#8221; text_align=&#8221;left&#8221; css_animation=&#8221;&#8221;][vc_column_inner][vc_empty_space height=&#8221;250px&#8221;][\/vc_column_inner][\/vc_row_inner][\/vc_column][\/vc_row][vc_row css_animation=&#8221;&#8221; row_type=&#8221;row&#8221; use_row_as_full_screen_section=&#8221;no&#8221; type=&#8221;full_width&#8221; angled_section=&#8221;no&#8221; text_align=&#8221;left&#8221; background_image_as_pattern=&#8221;without_pattern&#8221; background_color=&#8221;#e8e8e8&#8243; padding_top=&#8221;70&#8243; padding_bottom=&#8221;50&#8243; css=&#8221;.vc_custom_1443952192133{background-color: #ffffff !important;}&#8221;][vc_column][vc_row_inner row_type=&#8221;row&#8221; type=&#8221;grid&#8221; text_align=&#8221;left&#8221; css_animation=&#8221;&#8221;][vc_column_inner][vc_column_text]No dia 13 de setembro de 2019, 49 pa\u00edses aprovaram por&#8230;<\/p>\n","protected":false},"author":1,"featured_media":0,"parent":0,"menu_order":0,"comment_status":"closed","ping_status":"closed","template":"full_width.php","meta":{"_seopress_robots_primary_cat":"","_seopress_titles_title":"","_seopress_titles_desc":"","_seopress_robots_index":"","content-type":"","ngg_post_thumbnail":0,"footnotes":""},"class_list":["post-3957","page","type-page","status-publish","hentry"],"_links":{"self":[{"href":"https:\/\/www.ozonaconsulting.com\/pt\/wp-json\/wp\/v2\/pages\/3957","targetHints":{"allow":["GET"]}}],"collection":[{"href":"https:\/\/www.ozonaconsulting.com\/pt\/wp-json\/wp\/v2\/pages"}],"about":[{"href":"https:\/\/www.ozonaconsulting.com\/pt\/wp-json\/wp\/v2\/types\/page"}],"author":[{"embeddable":true,"href":"https:\/\/www.ozonaconsulting.com\/pt\/wp-json\/wp\/v2\/users\/1"}],"replies":[{"embeddable":true,"href":"https:\/\/www.ozonaconsulting.com\/pt\/wp-json\/wp\/v2\/comments?post=3957"}],"version-history":[{"count":24,"href":"https:\/\/www.ozonaconsulting.com\/pt\/wp-json\/wp\/v2\/pages\/3957\/revisions"}],"predecessor-version":[{"id":9672,"href":"https:\/\/www.ozonaconsulting.com\/pt\/wp-json\/wp\/v2\/pages\/3957\/revisions\/9672"}],"wp:attachment":[{"href":"https:\/\/www.ozonaconsulting.com\/pt\/wp-json\/wp\/v2\/media?parent=3957"}],"curies":[{"name":"wp","href":"https:\/\/api.w.org\/{rel}","templated":true}]}}