{"id":1600,"date":"2016-06-07T17:53:53","date_gmt":"2016-06-07T15:53:53","guid":{"rendered":"https:\/\/www.ozonaconsulting.com\/?page_id=1600"},"modified":"2025-03-08T11:05:43","modified_gmt":"2025-03-08T10:05:43","slug":"gracias","status":"publish","type":"page","link":"https:\/\/www.ozonaconsulting.com\/pt\/gracias\/","title":{"rendered":"Obrigado por contactar a Ozona Consulting"},"content":{"rendered":"<div class=\"wpb-content-wrapper\"><p>[vc_row css_animation=&#8221;&#8221; row_type=&#8221;row&#8221; use_row_as_full_screen_section=&#8221;no&#8221; type=&#8221;grid&#8221; angled_section=&#8221;no&#8221; text_align=&#8221;left&#8221; background_image_as_pattern=&#8221;without_pattern&#8221; padding_bottom=&#8221;70&#8243;][vc_column width=&#8221;2\/3&#8243;][vc_column_text]<\/p>\n<h2>Obrigada&nbsp;pelo seu contacto<\/h2>\n<p>Esperamos que a informa\u00e7\u00e3o&nbsp;fornecida tenha&nbsp;sido do seu interesse. N\u00e3o hesite em contactar-nos por email ou por telefone se precisar de informa\u00e7\u00e3o adicional. &nbsp; &nbsp; [cta id=&#8221;1355&#8243; vid=&#8221;0&#8243;][\/vc_column_text][\/vc_column][vc_column width=&#8221;1\/3&#8243;][vc_column_text css=&#8221;&#8221;]<strong>Madrid<\/strong><br \/>\nAv. General Per\u00f3n 29, planta 16 \u00b7 28020 \u00b7 Madrid<br \/>\nTel: +34 91 781 09 57 \u00b7 Fax: +34 91 575 87 44<br \/>\nmadrid@ozonaconsulting.com<\/p>\n<p><strong>Barcelona<\/strong><\/p>\n<p>C\/Pallars, 193 \u00b7 08005 \u00b7 BarcelonaTel: +34 93 394 19 90&nbsp; \u00b7 Fax: + 34 93 394 19 94<br \/>\nbarcelona@ozonaconsulting.com<\/p>\n<p><strong>Santiago<\/strong><br \/>\nC\/ S.D. Compostela, 14 bajo \u00b7 15707 \u00b7 Santiago de Compostela<br \/>\nTel: +34 881 906 417<br \/>\nsantiago@ozonaconsulting.com<\/p>\n<p><strong>Lisboa<\/strong><br \/>\nRua Flores de Lima, 16 \u00b7 1700-196 \u00b7 Lisboa<br \/>\nTel: +351 210 737 700<br \/>\nlisboa@ozonaconsulting.com[\/vc_column_text][vc_empty_space height=&#8221;20px&#8221;][\/vc_column][\/vc_row]<\/p>\n<\/div>","protected":false},"excerpt":{"rendered":"<p>[vc_row css_animation=&#8221;&#8221; row_type=&#8221;row&#8221; use_row_as_full_screen_section=&#8221;no&#8221; type=&#8221;grid&#8221; angled_section=&#8221;no&#8221; text_align=&#8221;left&#8221; background_image_as_pattern=&#8221;without_pattern&#8221; padding_bottom=&#8221;70&#8243;][vc_column width=&#8221;2\/3&#8243;][vc_column_text] Obrigada&nbsp;pelo seu contacto Esperamos que a informa\u00e7\u00e3o&nbsp;fornecida tenha&nbsp;sido do seu interesse. N\u00e3o hesite em contactar-nos por email ou por telefone se precisar de informa\u00e7\u00e3o adicional. &nbsp; &nbsp; [cta id=&#8221;1355&#8243; vid=&#8221;0&#8243;][\/vc_column_text][\/vc_column][vc_column width=&#8221;1\/3&#8243;][vc_column_text css=&#8221;&#8221;]Madrid Av. General Per\u00f3n&#8230;<\/p>\n","protected":false},"author":10,"featured_media":0,"parent":0,"menu_order":0,"comment_status":"closed","ping_status":"closed","template":"","meta":{"_seopress_robots_primary_cat":"","_seopress_titles_title":"","_seopress_titles_desc":"","_seopress_robots_index":"","content-type":"","ngg_post_thumbnail":0,"footnotes":""},"class_list":["post-1600","page","type-page","status-publish","hentry"],"_links":{"self":[{"href":"https:\/\/www.ozonaconsulting.com\/pt\/wp-json\/wp\/v2\/pages\/1600","targetHints":{"allow":["GET"]}}],"collection":[{"href":"https:\/\/www.ozonaconsulting.com\/pt\/wp-json\/wp\/v2\/pages"}],"about":[{"href":"https:\/\/www.ozonaconsulting.com\/pt\/wp-json\/wp\/v2\/types\/page"}],"author":[{"embeddable":true,"href":"https:\/\/www.ozonaconsulting.com\/pt\/wp-json\/wp\/v2\/users\/10"}],"replies":[{"embeddable":true,"href":"https:\/\/www.ozonaconsulting.com\/pt\/wp-json\/wp\/v2\/comments?post=1600"}],"version-history":[{"count":8,"href":"https:\/\/www.ozonaconsulting.com\/pt\/wp-json\/wp\/v2\/pages\/1600\/revisions"}],"predecessor-version":[{"id":10055,"href":"https:\/\/www.ozonaconsulting.com\/pt\/wp-json\/wp\/v2\/pages\/1600\/revisions\/10055"}],"wp:attachment":[{"href":"https:\/\/www.ozonaconsulting.com\/pt\/wp-json\/wp\/v2\/media?parent=1600"}],"curies":[{"name":"wp","href":"https:\/\/api.w.org\/{rel}","templated":true}]}}