{"id":3763,"date":"2018-08-27T21:18:00","date_gmt":"2018-08-27T19:18:00","guid":{"rendered":"https:\/\/www.ozonaconsulting.com\/masterclass-iso-20000-2018-lynda-cooper-diego-berea\/"},"modified":"2024-05-13T22:27:03","modified_gmt":"2024-05-13T20:27:03","slug":"masterclass-iso-20000-2018-lynda-cooper-diego-berea","status":"publish","type":"page","link":"https:\/\/www.ozonaconsulting.com\/en\/masterclass-iso-20000-2018-lynda-cooper-diego-berea\/","title":{"rendered":"ISO\/IEC 20000-1:2018 masterclasses with Lynda Cooper and Diego Berea"},"content":{"rendered":"<div class=\"wpb-content-wrapper\"><p>[vc_row css_animation=&#8221;&#8221; row_type=&#8221;row&#8221; use_row_as_full_screen_section=&#8221;no&#8221; type=&#8221;full_width&#8221; angled_section=&#8221;no&#8221; text_align=&#8221;left&#8221; background_image=&#8221;3473&#8243; background_image_as_pattern=&#8221;without_pattern&#8221; background_color=&#8221;#e8e8e8&#8243; padding_top=&#8221;0&#8243; padding_bottom=&#8221;0&#8243;][vc_column][vc_row_inner row_type=&#8221;row&#8221; type=&#8221;grid&#8221; text_align=&#8221;left&#8221; css_animation=&#8221;&#8221;][vc_column_inner][vc_empty_space height=&#8221;250px&#8221;][\/vc_column_inner][\/vc_row_inner][\/vc_column][\/vc_row][vc_row css_animation=&#8221;&#8221; row_type=&#8221;row&#8221; use_row_as_full_screen_section=&#8221;no&#8221; type=&#8221;full_width&#8221; angled_section=&#8221;no&#8221; text_align=&#8221;left&#8221; background_image_as_pattern=&#8221;without_pattern&#8221; background_color=&#8221;#e8e8e8&#8243; padding_top=&#8221;70&#8243; padding_bottom=&#8221;50&#8243; css=&#8221;.vc_custom_1443952192133{background-color: #ffffff !important;}&#8221;][vc_column][vc_row_inner row_type=&#8221;row&#8221; type=&#8221;grid&#8221; text_align=&#8221;left&#8221; css_animation=&#8221;&#8221;][vc_column_inner][vc_column_text]El 15 de septiembre de 2018, se hizo p\u00fablica la tercera edici\u00f3n de la ISO 20000. Esta nueva edici\u00f3n incorpora numerosas novedades que aportar\u00e1n grandes beneficios a las organizaciones con un sistema de gesti\u00f3n de servicios.<\/p>\n<p>&nbsp;<\/p>\n<p>Lynda Cooper y Diego Berea, editores internacionales de la ISO 20000 y miembros desde hace m\u00e1s de 10 a\u00f1os del grupo de trabajo internacional en ISO\/IEC JTC1 SC40, impartir\u00e1n en Madrid, Lisboa y Barcelona una masterclass de una jornada de duraci\u00f3n para ayudar a las empresas a alinear su sistema de gesti\u00f3n con los nuevos requisitos de la ISO\/IEC 20000-1:2018.<\/p>\n<ul>\n<li>\u00bfQu\u00e9 nuevos procesos hay que implementar?<\/li>\n<li>\u00bfQu\u00e9 cambios afectan a los procesos existentes?<\/li>\n<li>\u00bfQu\u00e9 modificaciones hay que realizar en el sistema de gesti\u00f3n?<\/li>\n<li>\u00bfQu\u00e9 nuevas evidencias son necesarias?<\/li>\n<\/ul>\n<p>&nbsp;<\/p>\n<p>Estas y muchas otras preguntas ser\u00e1n abordadas por los ponentes, en una sesi\u00f3n te\u00f3rico\/pr\u00e1ctica de 9:00 a 17:00 que asume conocimientos generales de gesti\u00f3n de servicios, ITIL e ISO 20000.<\/p>\n<p>&nbsp;<\/p>\n<p>\u00c9sta formaci\u00f3n es de gran utilidad para aquellas organizaciones que han adoptado la ISO 20000 como marco de referencia de su sistema de gesti\u00f3n de servicios, e imprescindible para aquellas organizaciones ya certificadas, que deber\u00e1n llevar a cabo todas las tareas necesarias para tener conformidad con los requisitos de la nueva edici\u00f3n de la norma.<\/p>\n<p>&nbsp;<\/p>\n<p>\u00a1No deje escapar la oportunidad de compartir la sesi\u00f3n directamente con editores internacionales de la norma![\/vc_column_text][\/vc_column_inner][\/vc_row_inner][\/vc_column][\/vc_row][vc_row css_animation=&#8221;&#8221; row_type=&#8221;row&#8221; use_row_as_full_screen_section=&#8221;no&#8221; type=&#8221;full_width&#8221; angled_section=&#8221;no&#8221; text_align=&#8221;left&#8221; background_image_as_pattern=&#8221;without_pattern&#8221; padding_top=&#8221;10&#8243; padding_bottom=&#8221;10&#8243;][vc_column][vc_row_inner row_type=&#8221;row&#8221; type=&#8221;full_width&#8221; text_align=&#8221;left&#8221; css_animation=&#8221;&#8221;][vc_column_inner][vc_column_text]<\/p>\n<h2 style=\"text-align: center;\"><span style=\"color: #ce2558;\">PRINCIPALES CARACTER\u00cdSTICAS DE LA MASTERCLASS ISO 20000<\/span><\/h2>\n<p>[\/vc_column_text][\/vc_column_inner][\/vc_row_inner][vc_empty_space][vc_row_inner row_type=&#8221;row&#8221; type=&#8221;grid&#8221; text_align=&#8221;left&#8221; css_animation=&#8221;&#8221;][vc_column_inner width=&#8221;1\/3&#8243;]<div class='q_icon_with_title medium circle center '><div class=\"icon_holder \" style=\" \"><span data-icon-type=\"circle\"   class=\"qode_iwt_icon_holder fa-stack fa-3x  \" style=\"\"><i class=\"qode_icon_font_awesome fa fa-book qode_iwt_icon_element\" style=\"color: #000000;\" ><\/i><\/span><\/div><div class=\"icon_text_holder\" style=\"\"><div class=\"icon_text_inner\" style=\"\"><h3 class=\"icon_title\" style=\"\">TEOR\u00cdA Y PR\u00c1CTICA<\/h3><p style=''>La exposici\u00f3n te\u00f3rica se complementa con numerosos ejercicios pr\u00e1cticos.<\/p><\/div><\/div><\/div>[\/vc_column_inner][vc_column_inner width=&#8221;1\/3&#8243;]<div class='q_icon_with_title medium circle center '><div class=\"icon_holder \" style=\" \"><span data-icon-type=\"circle\"   class=\"qode_iwt_icon_holder fa-stack fa-3x  \" style=\"\"><i class=\"qode_icon_font_awesome fa fa-building qode_iwt_icon_element\" style=\"color: #000000;\" ><\/i><\/span><\/div><div class=\"icon_text_holder\" style=\"\"><div class=\"icon_text_inner\" style=\"\"><h3 class=\"icon_title\" style=\"\">NIVEL AVANZADO<\/h3><p style=''>Sesi\u00f3n orientada a profesionales con conocimientos previos de ITIL e ISO 20000<\/p><\/div><\/div><\/div>[\/vc_column_inner][vc_column_inner width=&#8221;1\/3&#8243;]<div class='q_icon_with_title medium circle center '><div class=\"icon_holder \" style=\" \"><span data-icon-type=\"circle\"   class=\"qode_iwt_icon_holder fa-stack fa-3x  \" style=\"\"><i class=\"qode_icon_font_awesome fa fa-briefcase qode_iwt_icon_element\" style=\"color: #000000;\" ><\/i><\/span><\/div><div class=\"icon_text_holder\" style=\"\"><div class=\"icon_text_inner\" style=\"\"><h3 class=\"icon_title\" style=\"\">ADECUADO PARA EMPRESAS YA CERTIFICADAS<\/h3><p style=''>Gu\u00eda pr\u00e1ctica para adecuar un sistema de gesti\u00f3n de servicios a la nueva ISO 20000<\/p><\/div><\/div><\/div>[\/vc_column_inner][\/vc_row_inner][vc_empty_space][\/vc_column][\/vc_row][vc_row css_animation=&#8221;&#8221; row_type=&#8221;row&#8221; use_row_as_full_screen_section=&#8221;no&#8221; type=&#8221;full_width&#8221; angled_section=&#8221;no&#8221; text_align=&#8221;left&#8221; background_image_as_pattern=&#8221;without_pattern&#8221; background_color=&#8221;#e8e8e8&#8243; padding_top=&#8221;70&#8243; padding_bottom=&#8221;50&#8243; css=&#8221;.vc_custom_1443952192133{background-color: #ffffff !important;}&#8221;][vc_column][vc_row_inner row_type=&#8221;row&#8221; type=&#8221;grid&#8221; text_align=&#8221;left&#8221; css_animation=&#8221;&#8221;][vc_column_inner][vc_column_text]<\/p>\n<h3>NOTA<\/h3>\n<ul>\n<li>Lynda Cooper impartir\u00e1 sus charlas en ingl\u00e9s. El material del curso y las sesiones realizadas por Diego Berea ser\u00e1n en espa\u00f1ol en Madrid y Barcelona, y en portugu\u00e9s en Lisboa.<\/li>\n<\/ul>\n<p>[\/vc_column_text][\/vc_column_inner][\/vc_row_inner][\/vc_column][\/vc_row][vc_row css_animation=&#8221;&#8221; row_type=&#8221;row&#8221; use_row_as_full_screen_section=&#8221;no&#8221; type=&#8221;full_width&#8221; angled_section=&#8221;no&#8221; text_align=&#8221;left&#8221; background_image_as_pattern=&#8221;without_pattern&#8221; background_color=&#8221;#e8e8e8&#8243; padding_top=&#8221;70&#8243; padding_bottom=&#8221;50&#8243;][vc_column][vc_row_inner row_type=&#8221;row&#8221; type=&#8221;grid&#8221; text_align=&#8221;left&#8221; css_animation=&#8221;&#8221;][vc_column_inner][vc_column_text]<\/p>\n<h2 style=\"text-align: center;\"><span style=\"color: #ce2558;\">P\u00daBLICO OBJETIVO DE LA MASTERCLASS ISO 20000<\/span><\/h2>\n<p>[\/vc_column_text][vc_empty_space height=&#8221;15px&#8221;][vc_column_text]<\/p>\n<p>A continuaci\u00f3n, se muestra la relaci\u00f3n de perfiles a los que se orientan la masterclass sobre la ISO\/IEC 20000-1:2018:<\/p>\n<ul>\n<li>Responsables de proceso ISO 20000, responsables de servicio y responsables de sistemas de gesti\u00f3n de servicios certificados<\/li>\n<li>Directores de inform\u00e1tica, CIOs y otros perfiles de la organizaci\u00f3n con responsabilidades en el sistema de gesti\u00f3n de servicios y\/o que participar\u00e1n en el proceso de auditor\u00eda interna y externa.<\/li>\n<\/ul>\n<p>[\/vc_column_text][\/vc_column_inner][\/vc_row_inner][\/vc_column][\/vc_row][vc_row css_animation=&#8221;&#8221; row_type=&#8221;row&#8221; use_row_as_full_screen_section=&#8221;no&#8221; type=&#8221;full_width&#8221; angled_section=&#8221;no&#8221; text_align=&#8221;left&#8221; background_image=&#8221;3470&#8243; background_image_as_pattern=&#8221;without_pattern&#8221; background_color=&#8221;#e8e8e8&#8243; padding_top=&#8221;70&#8243; padding_bottom=&#8221;50&#8243;][vc_column][vc_row_inner row_type=&#8221;row&#8221; type=&#8221;grid&#8221; text_align=&#8221;left&#8221; css_animation=&#8221;&#8221;][vc_column_inner][vc_empty_space height=&#8221;150px&#8221;][\/vc_column_inner][\/vc_row_inner][\/vc_column][\/vc_row][vc_row css_animation=&#8221;&#8221; row_type=&#8221;row&#8221; use_row_as_full_screen_section=&#8221;no&#8221; type=&#8221;full_width&#8221; angled_section=&#8221;no&#8221; text_align=&#8221;left&#8221; background_image_as_pattern=&#8221;without_pattern&#8221; padding_top=&#8221;70&#8243; padding_bottom=&#8221;50&#8243;][vc_column width=&#8221;1\/6&#8243;][vc_empty_space][\/vc_column][vc_column width=&#8221;2\/3&#8243;][vc_column_text]<\/p>\n<h2 style=\"text-align: center;\"><span style=\"color: #ce2558;\">PVP Y OTROS DATOS DE INTER\u00c9S<\/span><\/h2>\n<p>[\/vc_column_text][vc_column_text]<\/p>\n<p>PVP: 495\u20ac + IVA por asistente, incluyendo comida y material de la masterclass.<\/p>\n<p>&nbsp;<\/p>\n<h3>UBICACIONES<\/h3>\n<ul>\n<li>Madrid: Hotel Zenit Conde de Orgaz<\/li>\n<li>Lisboa: Hotel Sana Malhoa<\/li>\n<li>Barcelona: Granv\u00eda Business Center<\/li>\n<\/ul>\n<h3>&nbsp;<\/h3>\n<h3>Agenda de la sesi\u00f3n<\/h3>\n<ul>\n<li><a class=\"inbound-track-link\" href=\"http:\/\/download.ozonaconsulting.com\/agenda.pdf\" target=\"_blank\" rel=\"noopener noreferrer\">Agenda en espa\u00f1ol<\/a><\/li>\n<li><a class=\"inbound-track-link\" href=\"http:\/\/download.ozonaconsulting.com\/agendaPT.pdf\" target=\"_blank\" rel=\"noopener noreferrer\">Agenda em Portugu\u00eas<\/a><\/li>\n<\/ul>\n<p>[\/vc_column_text][vc_empty_space height=&#8221;15px&#8221;][\/vc_column][vc_column width=&#8221;1\/6&#8243;][vc_empty_space][\/vc_column][\/vc_row][vc_row css_animation=&#8221;&#8221; row_type=&#8221;row&#8221; use_row_as_full_screen_section=&#8221;no&#8221; type=&#8221;full_width&#8221; angled_section=&#8221;no&#8221; text_align=&#8221;left&#8221; background_image_as_pattern=&#8221;without_pattern&#8221;][vc_column][vc_column_text] [\/vc_column_text][\/vc_column][\/vc_row][vc_row css_animation=&#8221;&#8221; row_type=&#8221;row&#8221; use_row_as_full_screen_section=&#8221;no&#8221; type=&#8221;full_width&#8221; angled_section=&#8221;no&#8221; text_align=&#8221;left&#8221; background_image_as_pattern=&#8221;without_pattern&#8221; background_color=&#8221;#e8e8e8&#8243; padding_top=&#8221;70&#8243; padding_bottom=&#8221;50&#8243;][vc_column][vc_row_inner row_type=&#8221;row&#8221; type=&#8221;grid&#8221; text_align=&#8221;left&#8221; css_animation=&#8221;&#8221;][vc_column_inner width=&#8221;2\/3&#8243;][vc_column_text]<\/p>\n<h2 style=\"text-align: left;\"><span id=\"nivel1\" style=\"color: #ce2558;\">LYNDA COOPER<\/span><\/h2>\n<p>[\/vc_column_text][vc_empty_space height=&#8221;15px&#8221;][vc_column_text]<\/p>\n<p>Editora principal de la ISO 20000-1<\/p>\n<p>Miembro de ISO\/IEC JTC1 SC40 en representaci\u00f3n de BSI\/Reino Unido<\/p>\n<p>ITIL Master<\/p>\n<p>Consultora asociada de Ozona Consulting<\/p>\n<p>[\/vc_column_text][vc_empty_space height=&#8221;15px&#8221;][\/vc_column_inner][vc_column_inner width=&#8221;1\/3&#8243;][vc_single_image image=&#8221;4616&#8243; img_size=&#8221;large&#8221; qode_css_animation=&#8221;&#8221;][\/vc_column_inner][\/vc_row_inner][\/vc_column][\/vc_row][vc_row css_animation=&#8221;&#8221; row_type=&#8221;row&#8221; use_row_as_full_screen_section=&#8221;no&#8221; type=&#8221;full_width&#8221; angled_section=&#8221;no&#8221; text_align=&#8221;left&#8221; background_image_as_pattern=&#8221;without_pattern&#8221; background_color=&#8221;#ffffff&#8221; padding_top=&#8221;70&#8243; padding_bottom=&#8221;50&#8243;][vc_column][vc_row_inner row_type=&#8221;row&#8221; type=&#8221;grid&#8221; text_align=&#8221;left&#8221; css_animation=&#8221;&#8221;][vc_column_inner width=&#8221;1\/3&#8243;][vc_single_image image=&#8221;3485&#8243; img_size=&#8221;large&#8221; qode_css_animation=&#8221;&#8221;][\/vc_column_inner][vc_column_inner width=&#8221;2\/3&#8243;][vc_column_text]<\/p>\n<h2 style=\"text-align: left;\"><span id=\"nivel1\" style=\"color: #ce2558;\">DIEGO BEREA<\/span><\/h2>\n<p>[\/vc_column_text][vc_empty_space height=&#8221;15px&#8221;][vc_column_text]<\/p>\n<p>Editor principal de la ISO 20000-9 y coeditor de la ISO 20000-2<\/p>\n<p>Miembro de ISO\/IEC JTC1 SC40 en representaci\u00f3n de UNE\/Espa\u00f1a<\/p>\n<p>Experto t\u00e9cnico ISO 20000 para ENAC<\/p>\n<p>Director de Ozona Consulting<\/p>\n<p>[\/vc_column_text][vc_empty_space height=&#8221;15px&#8221;][\/vc_column_inner][\/vc_row_inner][\/vc_column][\/vc_row][vc_row css_animation=&#8221;&#8221; row_type=&#8221;row&#8221; use_row_as_full_screen_section=&#8221;no&#8221; type=&#8221;full_width&#8221; angled_section=&#8221;no&#8221; text_align=&#8221;left&#8221; background_image_as_pattern=&#8221;without_pattern&#8221; background_color=&#8221;#ffffff&#8221; padding_top=&#8221;70&#8243; padding_bottom=&#8221;50&#8243;][vc_column css=&#8221;.vc_custom_1536056177530{background-color: #e8e8e8 !important;}&#8221;][vc_column_text]<\/p>\n<h2 id=\"contacto\" style=\"text-align: center;\"><span style=\"color: #ce2558;\">Solicitud de inscripci\u00f3n en la masterclass ISO 20000<\/span><\/h2>\n<p>[\/vc_column_text][vc_separator type=&#8221;normal&#8221; transparency=&#8221;0&#8243; align=&#8221;align_center&#8221;][vc_row_inner row_type=&#8221;row&#8221; type=&#8221;grid&#8221; text_align=&#8221;left&#8221; background_color=&#8221;#ffffff&#8221; css_animation=&#8221;&#8221; css=&#8221;.vc_custom_1536054851436{margin-top: 20px !important;}&#8221;][vc_column_inner][vc_column_text]<\/p>\n<p class=\"p1\">[inbound_forms id=&#8221;1922&#8243; name=&#8221;Masterclass ISO 20000&#8243;]<\/p>\n<p>[\/vc_column_text][vc_column_text]Los datos personales recabados a trav\u00e9s del presente formulario, ser\u00e1n tratados para gestionar su participaci\u00f3n en el evento al que se ha inscrito. Usted puede ejercer los derechos de acceso, rectificaci\u00f3n y cancelaci\u00f3n mediante escrito dirigido a Servicio de Consultor\u00eda de Procesos Ozona S.L., Av. General Per\u00f3n 29, planta 16 \u00b7 28020 \u00b7 Madrid.[\/vc_column_text][\/vc_column_inner][\/vc_row_inner][\/vc_column][\/vc_row][vc_row css_animation=&#8221;&#8221; row_type=&#8221;row&#8221; use_row_as_full_screen_section=&#8221;no&#8221; type=&#8221;full_width&#8221; angled_section=&#8221;no&#8221; text_align=&#8221;left&#8221; background_image_as_pattern=&#8221;without_pattern&#8221;][vc_column][vc_column_text] [\/vc_column_text][\/vc_column][\/vc_row][vc_row css_animation=&#8221;&#8221; row_type=&#8221;row&#8221; use_row_as_full_screen_section=&#8221;no&#8221; type=&#8221;full_width&#8221; angled_section=&#8221;no&#8221; text_align=&#8221;left&#8221; background_image_as_pattern=&#8221;without_pattern&#8221;][vc_column][vc_column_text]<\/p>\n<p class=\"p1\">[\/vc_column_text][vc_raw_html]JTNDc2NyaXB0JTIwdHlwZSUzRCUyMnRleHQlMkZqYXZhc2NyaXB0JTIyJTNFJTBBX2xpbmtlZGluX2RhdGFfcGFydG5lcl9pZCUyMCUzRCUyMCUyMjIyMTQxMCUyMiUzQiUwQSUzQyUyRnNjcmlwdCUzRSUzQ3NjcmlwdCUyMHR5cGUlM0QlMjJ0ZXh0JTJGamF2YXNjcmlwdCUyMiUzRSUwQSUyOGZ1bmN0aW9uJTI4JTI5JTdCdmFyJTIwcyUyMCUzRCUyMGRvY3VtZW50LmdldEVsZW1lbnRzQnlUYWdOYW1lJTI4JTIyc2NyaXB0JTIyJTI5JTVCMCU1RCUzQiUwQXZhciUyMGIlMjAlM0QlMjBkb2N1bWVudC5jcmVhdGVFbGVtZW50JTI4JTIyc2NyaXB0JTIyJTI5JTNCJTBBYi50eXBlJTIwJTNEJTIwJTIydGV4dCUyRmphdmFzY3JpcHQlMjIlM0JiLmFzeW5jJTIwJTNEJTIwdHJ1ZSUzQiUwQWIuc3JjJTIwJTNEJTIwJTIyaHR0cHMlM0ElMkYlMkZzbmFwLmxpY2RuLmNvbSUyRmxpLmxtcy1hbmFseXRpY3MlMkZpbnNpZ2h0Lm1pbi5qcyUyMiUzQiUwQXMucGFyZW50Tm9kZS5pbnNlcnRCZWZvcmUlMjhiJTJDJTIwcyUyOSUzQiU3RCUyOSUyOCUyOSUzQiUwQSUzQyUyRnNjcmlwdCUzRSUwQSUzQ25vc2NyaXB0JTNFJTBBJTNDaW1nJTIwaGVpZ2h0JTNEJTIyMSUyMiUyMHdpZHRoJTNEJTIyMSUyMiUyMHN0eWxlJTNEJTIyZGlzcGxheSUzQW5vbmUlM0IlMjIlMjBhbHQlM0QlMjIlMjIlMjBzcmMlM0QlMjJodHRwcyUzQSUyRiUyRmRjLmFkcy5saW5rZWRpbi5jb20lMkZjb2xsZWN0JTJGJTNGcGlkJTNEMjIxNDEwJTI2Zm10JTNEZ2lmJTIyJTIwJTJGJTNFJTBBJTNDJTJGbm9zY3JpcHQlM0U=[\/vc_raw_html][\/vc_column][\/vc_row][vc_row css_animation=&#8221;&#8221; row_type=&#8221;row&#8221; use_row_as_full_screen_section=&#8221;no&#8221; type=&#8221;full_width&#8221; angled_section=&#8221;no&#8221; text_align=&#8221;left&#8221; background_image_as_pattern=&#8221;without_pattern&#8221;][vc_column][vc_column_text]<\/p>\n<p>[\/vc_column_text][\/vc_column][\/vc_row]<\/p>\n<\/div>","protected":false},"excerpt":{"rendered":"<p>[vc_row css_animation=&#8221;&#8221; row_type=&#8221;row&#8221; use_row_as_full_screen_section=&#8221;no&#8221; type=&#8221;full_width&#8221; angled_section=&#8221;no&#8221; text_align=&#8221;left&#8221; background_image=&#8221;3473&#8243; background_image_as_pattern=&#8221;without_pattern&#8221; background_color=&#8221;#e8e8e8&#8243; padding_top=&#8221;0&#8243; padding_bottom=&#8221;0&#8243;][vc_column][vc_row_inner row_type=&#8221;row&#8221; type=&#8221;grid&#8221; text_align=&#8221;left&#8221; css_animation=&#8221;&#8221;][vc_column_inner][vc_empty_space height=&#8221;250px&#8221;][\/vc_column_inner][\/vc_row_inner][\/vc_column][\/vc_row][vc_row css_animation=&#8221;&#8221; row_type=&#8221;row&#8221; use_row_as_full_screen_section=&#8221;no&#8221; type=&#8221;full_width&#8221; angled_section=&#8221;no&#8221; text_align=&#8221;left&#8221; background_image_as_pattern=&#8221;without_pattern&#8221; background_color=&#8221;#e8e8e8&#8243; padding_top=&#8221;70&#8243; padding_bottom=&#8221;50&#8243; css=&#8221;.vc_custom_1443952192133{background-color: #ffffff !important;}&#8221;][vc_column][vc_row_inner row_type=&#8221;row&#8221; type=&#8221;grid&#8221; text_align=&#8221;left&#8221; css_animation=&#8221;&#8221;][vc_column_inner][vc_column_text]El 15 de septiembre de 2018, se hizo p\u00fablica la tercera edici\u00f3n&#8230;<\/p>\n","protected":false},"author":1,"featured_media":0,"parent":0,"menu_order":0,"comment_status":"closed","ping_status":"closed","template":"full_width.php","meta":{"_seopress_robots_primary_cat":"","_seopress_titles_title":"","_seopress_titles_desc":"","_seopress_robots_index":"","content-type":"","ngg_post_thumbnail":0,"footnotes":""},"class_list":["post-3763","page","type-page","status-publish","hentry"],"_links":{"self":[{"href":"https:\/\/www.ozonaconsulting.com\/en\/wp-json\/wp\/v2\/pages\/3763","targetHints":{"allow":["GET"]}}],"collection":[{"href":"https:\/\/www.ozonaconsulting.com\/en\/wp-json\/wp\/v2\/pages"}],"about":[{"href":"https:\/\/www.ozonaconsulting.com\/en\/wp-json\/wp\/v2\/types\/page"}],"author":[{"embeddable":true,"href":"https:\/\/www.ozonaconsulting.com\/en\/wp-json\/wp\/v2\/users\/1"}],"replies":[{"embeddable":true,"href":"https:\/\/www.ozonaconsulting.com\/en\/wp-json\/wp\/v2\/comments?post=3763"}],"version-history":[{"count":5,"href":"https:\/\/www.ozonaconsulting.com\/en\/wp-json\/wp\/v2\/pages\/3763\/revisions"}],"predecessor-version":[{"id":9671,"href":"https:\/\/www.ozonaconsulting.com\/en\/wp-json\/wp\/v2\/pages\/3763\/revisions\/9671"}],"wp:attachment":[{"href":"https:\/\/www.ozonaconsulting.com\/en\/wp-json\/wp\/v2\/media?parent=3763"}],"curies":[{"name":"wp","href":"https:\/\/api.w.org\/{rel}","templated":true}]}}