{"id":956,"date":"2015-05-30T11:08:18","date_gmt":"2015-05-30T09:08:18","guid":{"rendered":"http:\/\/www.ozonaconsulting.es\/formacion-oficial-2\/"},"modified":"2024-09-20T09:04:09","modified_gmt":"2024-09-20T07:04:09","slug":"formacion-oficial","status":"publish","type":"page","link":"https:\/\/www.ozonaconsulting.com\/pt\/formacion-oficial\/","title":{"rendered":"Formaci\u00f3n oficial"},"content":{"rendered":"<p>Ozona realiza periodicamente acciones de formaci\u00f3n -tanto in-house como multicliente- sobre ISO 20000, ISO 27001 e ISO 22301.<\/p>\n<p>&nbsp;<\/p>\n<p>Tambi\u00e9n organiza workshops avanzados sobre diferentes tem\u00e1ticas relacionadas con la gesti\u00f3n de servicios, la gesti\u00f3n de la seguridad de la informaci\u00f3n o la gesti\u00f3n de la continuidad de negocio.<\/p>\n<p>&nbsp;<\/p>\n<h2>Formaci\u00f3n oficial ITIL\u00ae, ISO 20000, ISO 27001 y Lean IT<\/h2>\n<p>Relaci\u00f3n de cursos de formaci\u00f3n oficial impartidos por Ozona Consulting:<\/p>\n<p>&nbsp;<\/p>\n<h4>ITIL\u00ae Foundation Certificate in IT Service Management<\/h4>\n<p>Formaci\u00f3n oficial de fundamentos de ITIL\u00ae impartida por Diego Berea (espa\u00f1ol, portugu\u00e9s o ingl\u00e9s) o por Finbar Callan (ingl\u00e9s), miembros del equipo editorial de la ISO 20000 en ISO\/IEC JTC1 SC40.<\/p>\n<p>&nbsp;<\/p>\n<h4>APMG ISO\/IEC 20000 Foundation<\/h4>\n<p>Formaci\u00f3n oficial de fundamentos de&nbsp;ISO 20000&nbsp;impartida por Diego Berea (espa\u00f1ol, portugu\u00e9s o ingl\u00e9s) o por Finbar Callan (ingl\u00e9s), miembros del equipo editorial de la ISO 20000 en ISO\/IEC JTC1 SC40.<\/p>\n<p>&nbsp;<\/p>\n<h4>APMG ISO\/IEC 20000&nbsp;Practitioner<\/h4>\n<p>Formaci\u00f3n oficial avanzada de ISO 20000&nbsp;impartida por Lynda Cooper&nbsp;(ingl\u00e9s), editora principal&nbsp;de la ISO 20000 en ISO\/IEC JTC1 SC40.<\/p>\n<p>&nbsp;<\/p>\n<h4>APMG ISO\/IEC&nbsp;27001 Foundation<\/h4>\n<p>Formaci\u00f3n oficial de fundamentos de ISO 27001 impartida por&nbsp;Raquel Porci\u00fancula&nbsp;(espa\u00f1ol, portugu\u00e9s o ingl\u00e9s), miembro del equipo editorial de&nbsp;la ISO 27001 en ISO\/IEC JTC1 SC27.<\/p>\n<p>&nbsp;<\/p>\n<h4>Formaci\u00f3n ISO 22301<\/h4>\n<p><span lang=\"ES\">Ozona dispone de consultores\/formadores con certificaci\u00f3n BCI (Business Continuity Institute), Approved Instructor, e imparten formaciones organizadas por nuestro colaborador&nbsp;<\/span><span lang=\"ES\"><a href=\"https:\/\/www.pantaray.eu\/\">Panta Ray<\/a>&nbsp;(BCI Licensed Training Partner).<\/span><\/p>\n<p>&nbsp;<\/p>\n<p>&nbsp;<\/p>\n<h5><span lang=\"ES\">Visita nuestra agenda de cursos:<\/span><\/h5>\n<p><span lang=\"ES\"><a href=\"https:\/\/www.ozonaconsulting.com\/pt\/formacao\/\">Formaci\u00f3n y eventos organizados por Ozona \u00b7 Ozona Consulting<\/a><\/span><\/p>\n<p>&nbsp;<\/p>\n<h5>Copyright &amp; Trademark Acknowledgement Statements<\/h5>\n<p>The APMG-International ISO\/IEC 20000, the APMG-International ISO\/IEC 27001 and the APMG-International Lean IT are trade marks of The APM Group Limited.<\/p>\n<p>ITIL\u00ae is a registered trade mark of AXELOS Limited<\/p>\n<p><span class=\"s1\">Ozona Consulting is an affiliate of&nbsp;Quint Wellington Redwood, which is accredited as an ATO (Accredited Training Organization) by APM Group&nbsp;for ITIL\u00ae, ISO\/IEC 20000 and ISO\/IEC 27001<\/span><\/p>\n<p>&nbsp;<\/p>\n<p>&nbsp;<\/p>\n","protected":false},"excerpt":{"rendered":"<p>Ozona realiza periodicamente acciones de formaci\u00f3n -tanto in-house como multicliente- sobre ISO 20000, ISO 27001 e ISO 22301. &nbsp; Tambi\u00e9n organiza workshops avanzados sobre diferentes tem\u00e1ticas relacionadas con la gesti\u00f3n de servicios, la gesti\u00f3n de la seguridad de la informaci\u00f3n o la gesti\u00f3n de la&#8230;<\/p>\n","protected":false},"author":1,"featured_media":0,"parent":0,"menu_order":0,"comment_status":"closed","ping_status":"closed","template":"","meta":{"_seopress_robots_primary_cat":"","_seopress_titles_title":"","_seopress_titles_desc":"","_seopress_robots_index":"","content-type":"","ngg_post_thumbnail":0,"footnotes":""},"class_list":["post-956","page","type-page","status-publish","hentry"],"_links":{"self":[{"href":"https:\/\/www.ozonaconsulting.com\/pt\/wp-json\/wp\/v2\/pages\/956","targetHints":{"allow":["GET"]}}],"collection":[{"href":"https:\/\/www.ozonaconsulting.com\/pt\/wp-json\/wp\/v2\/pages"}],"about":[{"href":"https:\/\/www.ozonaconsulting.com\/pt\/wp-json\/wp\/v2\/types\/page"}],"author":[{"embeddable":true,"href":"https:\/\/www.ozonaconsulting.com\/pt\/wp-json\/wp\/v2\/users\/1"}],"replies":[{"embeddable":true,"href":"https:\/\/www.ozonaconsulting.com\/pt\/wp-json\/wp\/v2\/comments?post=956"}],"version-history":[{"count":6,"href":"https:\/\/www.ozonaconsulting.com\/pt\/wp-json\/wp\/v2\/pages\/956\/revisions"}],"predecessor-version":[{"id":9722,"href":"https:\/\/www.ozonaconsulting.com\/pt\/wp-json\/wp\/v2\/pages\/956\/revisions\/9722"}],"wp:attachment":[{"href":"https:\/\/www.ozonaconsulting.com\/pt\/wp-json\/wp\/v2\/media?parent=956"}],"curies":[{"name":"wp","href":"https:\/\/api.w.org\/{rel}","templated":true}]}}