{"id":2374,"date":"2017-04-12T15:15:16","date_gmt":"2017-04-12T13:15:16","guid":{"rendered":"https:\/\/www.ozonaconsulting.com\/?page_id=2374"},"modified":"2017-04-21T11:08:36","modified_gmt":"2017-04-21T09:08:36","slug":"implementacao-e-conformidade-com-o-regulamento-europeu-de-protecao-de-dados","status":"publish","type":"page","link":"https:\/\/www.ozonaconsulting.com\/pt\/implementacao-e-conformidade-com-o-regulamento-europeu-de-protecao-de-dados\/","title":{"rendered":"Implementa\u00e7\u00e3o e conformidade com o regulamento europeu de prote\u00e7\u00e3o de dados"},"content":{"rendered":"<div class=\"wpb-content-wrapper\"><p>[vc_row css_animation=&#8221;&#8221; row_type=&#8221;row&#8221; use_row_as_full_screen_section=&#8221;no&#8221; type=&#8221;full_width&#8221; angled_section=&#8221;no&#8221; text_align=&#8221;left&#8221; background_image_as_pattern=&#8221;without_pattern&#8221; background_color=&#8221;#e8e8e8&#8243; padding_top=&#8221;70&#8243; padding_bottom=&#8221;50&#8243; css=&#8221;.vc_custom_1443952192133{background-color: #ffffff !important;}&#8221;][vc_column][vc_row_inner row_type=&#8221;row&#8221; type=&#8221;grid&#8221; text_align=&#8221;left&#8221; css_animation=&#8221;&#8221;][vc_column_inner][vc_column_text]O <a class=\"inbound-track-link\" href=\"https:\/\/www.ozonaconsulting.com\/pt\/blog\/regulamento_europeu_protecao_dados\/\" target=\"_blank\" rel=\"noopener noreferrer\">cumprimento do Regulamento Geral de Prote\u00e7\u00e3o de Dados (RGPD) \u00e9 obrigat\u00f3rio e visa harmonizar as regras relativas \u00e0 liberdade de circula\u00e7\u00e3o dos dados pessoais<\/a> nos diferentes Estados-Membros da Uni\u00e3o Europeia, enquanto promove a prote\u00e7\u00e3o das pessoas singulares.<\/p>\n<p>&nbsp;<\/p>\n<p>Atualmente, o panorama das cyber amea\u00e7as, do hacking ou da fuga de informa\u00e7\u00e3o, \u00e9 muito mais grave do que a maioria das pessoas reconhece. Cada vez mais, o esfor\u00e7o das organiza\u00e7\u00f5es se centra em reduzir o risco de eventuais viola\u00e7\u00f5es que comprometam a sua atividade ou de alguma forma impactem no seu neg\u00f3cio. Nada de novo at\u00e9 aqui, sen\u00e3o o facto de essas viola\u00e7\u00f5es, no que concerne a dados pessoais, necessitarem de ser detectadas e devidamente comunicadas, e de no limite poderem causar enormes perdas financeiras ou de reputa\u00e7\u00e3o.<\/p>\n<p>&nbsp;<\/p>\n<p>E se por um lado as organiza\u00e7\u00f5es est\u00e3o sujeitas a a\u00e7\u00f5es conscientes com o objectivo de comprometer a sua informa\u00e7\u00e3o, por outro reconhecemos que de dentro da pr\u00f3pria organiza\u00e7\u00e3o, quer por a\u00e7\u00f5es volunt\u00e1rias ou involunt\u00e1rias, tal informa\u00e7\u00e3o \u00e9 comprometida e neste cap\u00edtulo, o comportamento da organiza\u00e7\u00e3o \u00e9 facilmente afectado pelo comportamento de um \u00fanico colaborador ou grupo colaboradores. Neste particular, as organiza\u00e7\u00f5es enfrentam um desafio bem maior que o da conformidade, nomeadamente a altera\u00e7\u00e3o da consci\u00eancia interna e da sua atitude perante a privacidade.<\/p>\n<p>&nbsp;<\/p>\n<p>As organiza\u00e7\u00f5es ter\u00e3o de assumir que estar conforme o Regulamento \u00e9 um objectivo a priorizar, mas que o mesmo n\u00e3o significa estar seguro. Trata-se apenas de reduzir a probabilidade da materializa\u00e7\u00e3o das amea\u00e7as, tratando riscos de forma sistem\u00e1tica. E o que podemos ir fazendo \u00e9 apostar nos investimentos tecnol\u00f3gicos corretos, adaptar os procedimentos ou os processos de neg\u00f3cio, consciencializar a organiza\u00e7\u00e3o e monitorizar em intervalos regulares.[\/vc_column_text][\/vc_column_inner][\/vc_row_inner][\/vc_column][\/vc_row][vc_row css_animation=&#8221;&#8221; row_type=&#8221;row&#8221; use_row_as_full_screen_section=&#8221;no&#8221; type=&#8221;full_width&#8221; angled_section=&#8221;no&#8221; text_align=&#8221;left&#8221; background_image_as_pattern=&#8221;without_pattern&#8221; padding_top=&#8221;10&#8243; padding_bottom=&#8221;10&#8243;][vc_column][vc_row_inner row_type=&#8221;row&#8221; type=&#8221;grid&#8221; text_align=&#8221;left&#8221; css_animation=&#8221;&#8221;][vc_column_inner width=&#8221;1\/3&#8243;]<div class='q_icon_with_title medium circle center '><div class=\"icon_holder \" style=\" \"><span data-icon-type=\"circle\"   class=\"qode_iwt_icon_holder fa-stack fa-3x  \" style=\"\"><i class=\"qode_icon_font_awesome fa fa-book qode_iwt_icon_element\" style=\"color: #000000;\" ><\/i><\/span><\/div><div class=\"icon_text_holder\" style=\"\"><div class=\"icon_text_inner\" style=\"\"><h5 class=\"icon_title\" style=\"\">COMPROMISSO COM O CUMPRIMENTO<\/h5><p style=''>Demonstrar o compromisso cont\u00ednuo para com o cumprimento do Regulamento (n\u00e3o apenas com inten\u00e7\u00f5es, mas com a\u00e7\u00f5es concretas)<\/p><\/div><\/div><\/div>[\/vc_column_inner][vc_column_inner width=&#8221;1\/3&#8243;]<div class='q_icon_with_title medium circle center '><div class=\"icon_holder \" style=\" \"><span data-icon-type=\"circle\"   class=\"qode_iwt_icon_holder fa-stack fa-3x  \" style=\"\"><i class=\"qode_icon_font_awesome fa fa-building qode_iwt_icon_element\" style=\"color: #000000;\" ><\/i><\/span><\/div><div class=\"icon_text_holder\" style=\"\"><div class=\"icon_text_inner\" style=\"\"><h5 class=\"icon_title\" style=\"\">EVITAR PENALIZA\u00c7\u00d5ES<\/h5><p style=''>Reduzir o risco de perdas financeiras e danos reputacionais, nomeadamente os que decorrem de reclama\u00e7\u00f5es e multas.<\/p><\/div><\/div><\/div>[\/vc_column_inner][vc_column_inner width=&#8221;1\/3&#8243;]<div class='q_icon_with_title medium circle center '><div class=\"icon_holder \" style=\" \"><span data-icon-type=\"circle\"   class=\"qode_iwt_icon_holder fa-stack fa-3x  \" style=\"\"><i class=\"qode_icon_font_awesome fa fa-briefcase qode_iwt_icon_element\" style=\"color: #000000;\" ><\/i><\/span><\/div><div class=\"icon_text_holder\" style=\"\"><div class=\"icon_text_inner\" style=\"\"><h5 class=\"icon_title\" style=\"\">FORMALIZAR PROCESSOS<\/h5><p style=''>Implementar pol\u00edticas e procedimentos, adequando-os \u00e0s exig\u00eancias do tratamento de dados pessoais, atualizando sempre que necess\u00e1rio os processos de neg\u00f3cio<\/p><\/div><\/div><\/div>[\/vc_column_inner][\/vc_row_inner][vc_empty_space][vc_row_inner row_type=&#8221;row&#8221; type=&#8221;grid&#8221; text_align=&#8221;left&#8221; css_animation=&#8221;&#8221;][vc_column_inner width=&#8221;1\/3&#8243;]<div class='q_icon_with_title medium circle center '><div class=\"icon_holder \" style=\" \"><span data-icon-type=\"circle\"   class=\"qode_iwt_icon_holder fa-stack fa-3x  \" style=\"\"><i class=\"qode_icon_font_awesome fa fa-cogs qode_iwt_icon_element\" style=\"color: #000000;\" ><\/i><\/span><\/div><div class=\"icon_text_holder\" style=\"\"><div class=\"icon_text_inner\" style=\"\"><h5 class=\"icon_title\" style=\"\">FORMAR<\/h5><p style=''>Consciencializar todos os intervenientes nos fluxos de tratamento dos dados pessoais, estabelecendo canais pr\u00f3prios com os titulares de dados pessoais, e demonstrar que os produtos e servi\u00e7os da organiza\u00e7\u00e3o, respeitam e est\u00e3o em conformidade com o Regulamento<\/p><\/div><\/div><\/div>[\/vc_column_inner][vc_column_inner width=&#8221;1\/3&#8243;]<div class='q_icon_with_title medium circle center '><div class=\"icon_holder \" style=\" \"><span data-icon-type=\"circle\"   class=\"qode_iwt_icon_holder fa-stack fa-3x  \" style=\"\"><i class=\"qode_icon_font_awesome fa fa-road qode_iwt_icon_element\" style=\"color: #000000;\" ><\/i><\/span><\/div><div class=\"icon_text_holder\" style=\"\"><div class=\"icon_text_inner\" style=\"\"><h5 class=\"icon_title\" style=\"\">GERIR RISCOS<\/h5><p style=''>Manter uma vis\u00e3o clara e atual dos riscos que podem afetar os dados pessoais, para facilitar eventuais respostas ou at\u00e9 para endere\u00e7ar novos projetos e iniciativas internas<\/p><\/div><\/div><\/div>[\/vc_column_inner][vc_column_inner width=&#8221;1\/3&#8243;]<div class='q_icon_with_title medium circle center '><div class=\"icon_holder \" style=\" \"><span data-icon-type=\"circle\"   class=\"qode_iwt_icon_holder fa-stack fa-3x  \" style=\"\"><i class=\"qode_icon_font_awesome fa fa-university qode_iwt_icon_element\" style=\"color: #000000;\" ><\/i><\/span><\/div><div class=\"icon_text_holder\" style=\"\"><div class=\"icon_text_inner\" style=\"\"><h5 class=\"icon_title\" style=\"\">GERIR INCIDENTES<\/h5><p style=''>Identificar e reportar os incidentes que comprometam ou possam vir a comprometer a seguran\u00e7a dos dados pessoais<\/p><\/div><\/div><\/div>[\/vc_column_inner][\/vc_row_inner][\/vc_column][\/vc_row][vc_row css_animation=&#8221;&#8221; row_type=&#8221;row&#8221; use_row_as_full_screen_section=&#8221;no&#8221; type=&#8221;full_width&#8221; angled_section=&#8221;no&#8221; text_align=&#8221;left&#8221; background_image_as_pattern=&#8221;without_pattern&#8221; background_color=&#8221;#e8e8e8&#8243; padding_top=&#8221;70&#8243; padding_bottom=&#8221;50&#8243;][vc_column][vc_row_inner row_type=&#8221;row&#8221; type=&#8221;grid&#8221; text_align=&#8221;left&#8221; css_animation=&#8221;&#8221;][vc_column_inner][vc_column_text]<\/p>\n<h3 style=\"text-align: center;\"><span style=\"color: #ce2558;\">COMO GARANTIR ESTES OBJETIVOS<\/span><\/h3>\n<p>[\/vc_column_text][vc_empty_space height=&#8221;15px&#8221;][vc_column_text]Em fun\u00e7\u00e3o do tipo de neg\u00f3cio ou dimens\u00e3o das empresas, do volume de subcontrata\u00e7\u00e3o a que recorrem, poder\u00e1 tornar-se bem mais complicado identificar fluxos de dados pessoais, e os riscos a que est\u00e3o expostos. Para tratar esses riscos mais espec\u00edficos, pode ser essencial contar com a ajuda de profissionais especializados e nesse sentido necessitar de complementar as suas equipas recorrendo a:<\/p>\n<ul>\n<li>Apoio jur\u00eddico especializado em privacidade de dados<\/li>\n<li>Apoio em especializado em Gest\u00e3o da Seguran\u00e7a da Informa\u00e7\u00e3o<\/li>\n<\/ul>\n<p>[\/vc_column_text][\/vc_column_inner][\/vc_row_inner][\/vc_column][\/vc_row][vc_row css_animation=&#8221;&#8221; row_type=&#8221;row&#8221; use_row_as_full_screen_section=&#8221;no&#8221; type=&#8221;full_width&#8221; angled_section=&#8221;no&#8221; text_align=&#8221;left&#8221; background_image_as_pattern=&#8221;without_pattern&#8221; background_color=&#8221;#ffffff&#8221; padding_top=&#8221;70&#8243; padding_bottom=&#8221;50&#8243;][vc_column][vc_row_inner row_type=&#8221;row&#8221; type=&#8221;grid&#8221; text_align=&#8221;left&#8221; css_animation=&#8221;&#8221;][vc_column_inner width=&#8221;2\/3&#8243;][vc_column_text]<\/p>\n<h2 style=\"text-align: center;\"><span style=\"color: #ce2558;\">APOIO JURIDICO<\/span><\/h2>\n<p>[\/vc_column_text][vc_empty_space height=&#8221;15px&#8221;][vc_column_text]<\/p>\n<ul>\n<li>Um apoio jur\u00eddico com experi\u00eancia ter\u00e1 as ferramentas para informar e aconselhar as organiza\u00e7\u00f5es e os trabalhadores a respeito das suas obriga\u00e7\u00f5es decorrentes do Regulamento. Ajuda a definir os passos necess\u00e1rios para assegurar o cumprimento do RGPD.<\/li>\n<li>O controlo da conformidade de a\u00e7\u00f5es a implementar pela organiza\u00e7\u00e3o para cumprir o RGPD, incluindo a reparti\u00e7\u00e3o de responsabilidades, dever\u00e1 passar pelo crivo do apoio jur\u00eddico.<\/li>\n<\/ul>\n<p>[\/vc_column_text][vc_empty_space height=&#8221;15px&#8221;][\/vc_column_inner][vc_column_inner width=&#8221;1\/3&#8243;][vc_single_image image=&#8221;2405&#8243; img_size=&#8221;large&#8221; qode_css_animation=&#8221;&#8221;][\/vc_column_inner][\/vc_row_inner][\/vc_column][\/vc_row][vc_row css_animation=&#8221;&#8221; row_type=&#8221;row&#8221; use_row_as_full_screen_section=&#8221;no&#8221; type=&#8221;full_width&#8221; angled_section=&#8221;no&#8221; text_align=&#8221;left&#8221; background_image_as_pattern=&#8221;without_pattern&#8221; background_color=&#8221;#e8e8e8&#8243; padding_top=&#8221;70&#8243; padding_bottom=&#8221;50&#8243;][vc_column][vc_row_inner row_type=&#8221;row&#8221; type=&#8221;grid&#8221; text_align=&#8221;left&#8221; css_animation=&#8221;&#8221;][vc_column_inner width=&#8221;1\/3&#8243;][vc_single_image image=&#8221;2406&#8243; img_size=&#8221;large&#8221; qode_css_animation=&#8221;&#8221;][vc_single_image image=&#8221;2407&#8243; img_size=&#8221;large&#8221; qode_css_animation=&#8221;&#8221;][\/vc_column_inner][vc_column_inner width=&#8221;2\/3&#8243;][vc_column_text]<\/p>\n<h2 style=\"text-align: center;\"><span style=\"color: #ce2558;\">APOIO EM SEGURAN\u00c7A DA INFORMA\u00c7\u00c3O<\/span><\/h2>\n<p>[\/vc_column_text][vc_empty_space height=&#8221;15px&#8221;][vc_column_text]<\/p>\n<ul>\n<li>Um apoio especializado em sistemas de gest\u00e3o de seguran\u00e7a de informa\u00e7\u00e3o, \u00e9 essencial, pois poder\u00e1 rapidamente avaliar a situa\u00e7\u00e3o de qualquer organiza\u00e7\u00e3o, independentemente da sua natureza ou dimens\u00e3o, e identificar as a\u00e7\u00f5es a desenvolver.<\/li>\n<li>De acordo com o Regulamento, podem ser usados c\u00f3digos de conduta e certifica\u00e7\u00f5es para demonstrar a conformidade com o Regulamento, pese embora as mesmas n\u00e3o constituam mecanismos de isen\u00e7\u00e3o das responsabilidades.<\/li>\n<li>Enquanto n\u00e3o surgem novos standards ou selos ou marcas de prote\u00e7\u00e3o de dados de privacidade a implementa\u00e7\u00e3o de um Sistema de Gest\u00e3o de Seguran\u00e7a de informa\u00e7\u00e3o (ISO 27001) \u00e9 neste momento, n\u00e3o a \u00fanica, mas talvez a abordagem que melhores garantias pode oferecer, de um caminho seguro e eficiente na dire\u00e7\u00e3o da conformidade com o RGPD.<\/li>\n<li>N\u00e3o \u00e9 um requisito para a conformidade com o Regulamento, mas certamente uma enorme vantagem para quem a ambiciona.<\/li>\n<li>Para al\u00e9m de ser um standard internacionalmente reconhecido, pode ser adaptado para refor\u00e7ar o controlo da organiza\u00e7\u00e3o sobre o tratamento dos dados pessoais, em todas as fases do ciclo de vida dos mesmos.<\/li>\n<li>Um Sistema de Gest\u00e3o de Seguran\u00e7a da Informa\u00e7\u00e3o (ISO 27001), certificado por um organismo de certifica\u00e7\u00e3o independente, representa o investimento efectuado pela Organiza\u00e7\u00e3o, e demonstra o compromisso da mesma para com os objectivos do mesmo, e nesse sentido, poder\u00e1 em alguns casos atenuar em casos de viola\u00e7\u00e3o do Regulamento.<\/li>\n<\/ul>\n<p>[\/vc_column_text][vc_empty_space height=&#8221;15px&#8221;][\/vc_column_inner][\/vc_row_inner][\/vc_column][\/vc_row][vc_row css_animation=&#8221;&#8221; row_type=&#8221;row&#8221; use_row_as_full_screen_section=&#8221;no&#8221; type=&#8221;full_width&#8221; angled_section=&#8221;no&#8221; text_align=&#8221;left&#8221; background_image_as_pattern=&#8221;without_pattern&#8221; padding_top=&#8221;70&#8243; padding_bottom=&#8221;50&#8243;][vc_column width=&#8221;1\/6&#8243;][vc_empty_space][\/vc_column][vc_column width=&#8221;2\/3&#8243;][vc_column_text]<\/p>\n<h2 style=\"text-align: center;\"><span style=\"color: #ce2558;\">INFORMA\u00c7\u00c3O ADICIONAL<\/span><\/h2>\n<p>[\/vc_column_text][vc_empty_space height=&#8221;15px&#8221;][vc_accordion collapsible=&#8221;yes&#8221; style=&#8221;accordion&#8221; disable_keyboard=&#8221;&#8221;][vc_accordion_tab title=&#8221;METODOLOGIA&#8221; title_tag=&#8221;h4&#8243;][vc_column_text]<a href=\"https:\/\/www.ozonaconsulting.com\/wp-content\/uploads\/2017\/04\/gdpr-metodologia.png\"><img alt=\"\" loading=\"lazy\" decoding=\"async\" class=\"size-medium wp-image-2379 alignleft\" src=\"https:\/\/www.ozonaconsulting.com\/wp-content\/uploads\/2017\/04\/gdpr-metodologia-300x104.png\" alt=\"\" width=\"300\" height=\"104\" srcset=\"https:\/\/www.ozonaconsulting.com\/wp-content\/uploads\/2017\/04\/gdpr-metodologia-300x104.png 300w, https:\/\/www.ozonaconsulting.com\/wp-content\/uploads\/2017\/04\/gdpr-metodologia-768x266.png 768w, https:\/\/www.ozonaconsulting.com\/wp-content\/uploads\/2017\/04\/gdpr-metodologia-700x242.png 700w, https:\/\/www.ozonaconsulting.com\/wp-content\/uploads\/2017\/04\/gdpr-metodologia.png 982w\" sizes=\"auto, (max-width: 300px) 100vw, 300px\" \/><\/a><\/p>\n<p>&nbsp;<\/p>\n<p>&nbsp;<\/p>\n<p>&nbsp;<\/p>\n<p>&nbsp;<\/p>\n<p><a href=\"https:\/\/www.ozonaconsulting.com\/wp-content\/uploads\/2017\/04\/met3.png\"><img alt=\"\" loading=\"lazy\" decoding=\"async\" class=\"size-medium wp-image-2403 alignleft\" src=\"https:\/\/www.ozonaconsulting.com\/wp-content\/uploads\/2017\/04\/met3-300x159.png\" alt=\"\" width=\"300\" height=\"159\" srcset=\"https:\/\/www.ozonaconsulting.com\/wp-content\/uploads\/2017\/04\/met3-300x159.png 300w, https:\/\/www.ozonaconsulting.com\/wp-content\/uploads\/2017\/04\/met3-768x408.png 768w, https:\/\/www.ozonaconsulting.com\/wp-content\/uploads\/2017\/04\/met3-700x372.png 700w, https:\/\/www.ozonaconsulting.com\/wp-content\/uploads\/2017\/04\/met3.png 940w\" sizes=\"auto, (max-width: 300px) 100vw, 300px\" \/><\/a><\/p>\n<p>&nbsp;<\/p>\n<p>&nbsp;<\/p>\n<p>&nbsp;<\/p>\n<p>&nbsp;<\/p>\n<p>&nbsp;<\/p>\n<p><a href=\"https:\/\/www.ozonaconsulting.com\/wp-content\/uploads\/2017\/04\/Met2.png\"><img alt=\"\" loading=\"lazy\" decoding=\"async\" class=\"size-medium wp-image-2402 alignleft\" src=\"https:\/\/www.ozonaconsulting.com\/wp-content\/uploads\/2017\/04\/Met2-300x159.png\" alt=\"\" width=\"300\" height=\"159\" srcset=\"https:\/\/www.ozonaconsulting.com\/wp-content\/uploads\/2017\/04\/Met2-300x159.png 300w, https:\/\/www.ozonaconsulting.com\/wp-content\/uploads\/2017\/04\/Met2-768x408.png 768w, https:\/\/www.ozonaconsulting.com\/wp-content\/uploads\/2017\/04\/Met2-700x372.png 700w, https:\/\/www.ozonaconsulting.com\/wp-content\/uploads\/2017\/04\/Met2.png 940w\" sizes=\"auto, (max-width: 300px) 100vw, 300px\" \/><\/a><\/p>\n<p>&nbsp;<\/p>\n<p>&nbsp;<\/p>\n<p>&nbsp;<\/p>\n<p>&nbsp;<\/p>\n<p>&nbsp;<\/p>\n<p>[\/vc_column_text][\/vc_accordion_tab][vc_accordion_tab title=&#8221;SERVI\u00c7OS OZONA&#8221; title_tag=&#8221;h4&#8243;][vc_column_text]A Ozona Consulting apresenta os seguintes<strong> servi\u00e7os<\/strong>, nesta \u00e1rea:<\/p>\n<ul>\n<li><span style=\"color: #e8437a;\">Assessment inicial<\/span> &#8211; Avalia\u00e7\u00e3o inicial de conformidade e maturidade com os requisitos RGPD e ISO27001. Relat\u00f3rio de assessment muito completo com descri\u00e7\u00e3o de planos de a\u00e7\u00e3o<\/li>\n<li><span style=\"color: #e8437a;\">Formaliza\u00e7\u00e3o de documenta\u00e7\u00e3o<\/span> &#8211; Documenta\u00e7\u00e3o de toda a informa\u00e7\u00e3o necess\u00e1ria para garantir a conformidade com o RGPD (por exemplo, pol\u00edticas, planos e procedimentos)<\/li>\n<li><span style=\"color: #e8437a;\">Implementa\u00e7\u00e3o<\/span> \u2013 Defini\u00e7\u00e3o e implementa\u00e7\u00e3o de processos; Sistemas de gest\u00e3o; An\u00e1lise de riscos;<\/li>\n<li><span style=\"color: #e8437a;\">PIA<\/span> (<em>Privacy Impact Analyse<\/em>) &#8211; Definir e descrever o contexto de processar os dados pessoais sobre considera\u00e7\u00e3o e os seus stakeholders; Identificar controlos existentes ou planeados; avaliar os riscos de privacidade para garantir que ser\u00e3o corretamente tratados; Validar a forma como ser\u00e1 planeada a conformidade com os princ\u00edpios de privacidade e tratamento dos respetivos riscos; melhoria continua<\/li>\n<li><span style=\"color: #e8437a;\">Auditoria interna<\/span> &#8211; Auditoria de processos; Auditoria de ferramentas; Auditoria de registos<\/li>\n<li><span style=\"color: #e8437a;\">Forma\u00e7\u00e3o<\/span> \u2013 Worksops e a\u00e7\u00f5es de sensibiliza\u00e7\u00e3o<\/li>\n<\/ul>\n<p>[\/vc_column_text][\/vc_accordion_tab][vc_accordion_tab title=&#8221;MODELO DE GEST\u00c3O OZONA&#8221; title_tag=&#8221;h4&#8243;][vc_column_text]A <strong>Ozona Consulting <\/strong>desenvolveu um <span style=\"color: #e8437a;\">modelo de gest\u00e3o<\/span> de acordo com os requisitos do RGPD e das normas internacionais ISO 27000 e com base nas boas pr\u00e1ticas que inclui como principais componentes:<\/p>\n<ul>\n<li>Modelo de assessment e auditoria interna baseado na ISO 15504.<\/li>\n<li>Base documental comum para a defini\u00e7\u00e3o do sistema de gest\u00e3o, dispon\u00edvel em quatro idiomas, atualizada conforme as respectivas normas e tendo em conta os requisitos do RGPD.<\/li>\n<li>Metodologia espec\u00edfica de implementa\u00e7\u00e3o deste tipo de projetos com ferramentas online de seguimento de projeto.<\/li>\n<li>Solu\u00e7\u00e3o Ozona ISO 27001 Starter,\u00a0com todos os elementos requeridos para a implementa\u00e7\u00e3o efetiva dum sistema de gest\u00e3o, criada a partir da experi\u00eancia ganha em projetos reais de certifica\u00e7\u00e3o em auditorias com AENOR, SGS, Bureau Veritas, EQA, APCER e BSI.<\/li>\n<li>Apoio jur\u00eddico especializado de profissionais com experi\u00eancia nacional e internacional em projetos de Data Privacy Governance.<\/li>\n<\/ul>\n<p>[\/vc_column_text][\/vc_accordion_tab][vc_accordion_tab title=&#8221;EQUIPA OZONA&#8221; title_tag=&#8221;h4&#8243;][vc_column_text]A <strong>Ozona Consulting <\/strong>formou uma<strong><span style=\"color: #e8437a;\"> equipa internacional<\/span> <\/strong>com as seguintes caracter\u00edsticas nesta \u00e1rea:<\/p>\n<ul>\n<li>Compet\u00eancias ao n\u00edvel da implementa\u00e7\u00e3o e manuten\u00e7\u00e3o de Sistemas de Gest\u00e3o, incluindo a Seguran\u00e7a da Informa\u00e7\u00e3o, e as compet\u00eancias de Data Privacy Governance onde garantimos servi\u00e7os jur\u00eddicos especializados para o posicionar de forma continuada em conformidade com a legisla\u00e7\u00e3o.<\/li>\n<li>Garantia da envolv\u00eancia em todos os nossos projetos RGPD, profissionais de excel\u00eancia, quer na vertente jur\u00eddica, quer na vertente mais t\u00e9cnica.<\/li>\n<\/ul>\n<p>Contamos na nossa equipa com:<\/p>\n<ul>\n<li><span style=\"color: #e8437a;\">editores internacionais<\/span> presentes no comit\u00e9 de seguran\u00e7a da informa\u00e7\u00e3o,<\/li>\n<li><span style=\"color: #e8437a;\">juristas especialistas<\/span> na prote\u00e7\u00e3o de dados pessoais com experi\u00eancia profissional a n\u00edvel europeu<\/li>\n<li><span style=\"color: #e8437a;\">consultores seniores<\/span> especializados em sistemas de gest\u00e3o, gest\u00e3o de risco, RGPD &amp; <em>Compliance<\/em><\/li>\n<li><span style=\"color: #e8437a;\">auditores internos<\/span> em seguran\u00e7a da informa\u00e7\u00e3o e prote\u00e7\u00e3o de dados<\/li>\n<li><span style=\"color: #e8437a;\">formadores oficiais<\/span> em <em>Risk &amp; Compliance <\/em><\/li>\n<\/ul>\n<p>[\/vc_column_text][\/vc_accordion_tab][\/vc_accordion][\/vc_column][vc_column width=&#8221;1\/6&#8243;][vc_empty_space][\/vc_column][\/vc_row][vc_row css_animation=&#8221;&#8221; row_type=&#8221;row&#8221; use_row_as_full_screen_section=&#8221;no&#8221; type=&#8221;full_width&#8221; angled_section=&#8221;no&#8221; text_align=&#8221;left&#8221; background_image_as_pattern=&#8221;without_pattern&#8221;][vc_column][vc_column_text]<\/p>\n<p>[\/vc_column_text][\/vc_column][\/vc_row][vc_row css_animation=&#8221;&#8221; row_type=&#8221;row&#8221; use_row_as_full_screen_section=&#8221;no&#8221; type=&#8221;full_width&#8221; angled_section=&#8221;no&#8221; text_align=&#8221;left&#8221; background_image_as_pattern=&#8221;without_pattern&#8221; padding_top=&#8221;70&#8243; padding_bottom=&#8221;50&#8243;][vc_column][vc_column_text]<\/p>\n<h2 id=\"contacto\" style=\"text-align: center;\"><span style=\"color: #ce2558;\">Solicite mais informa\u00e7\u00e3o<\/span><\/h2>\n<p>[\/vc_column_text][vc_separator type=&#8221;normal&#8221; transparency=&#8221;0&#8243; align=&#8221;align_center&#8221;][vc_row_inner row_type=&#8221;row&#8221; type=&#8221;grid&#8221; text_align=&#8221;left&#8221; css_animation=&#8221;&#8221;][vc_column_inner][vc_column_text][inbound_forms id=&#8221;2431&#8243; name=&#8221;GPDR&#8221;][\/vc_column_text][vc_column_text]Se preferir, para solicitar mais informa\u00e7\u00e3o, por favor contacte-nos atrav\u00e9s do endere\u00e7o de e-mail:\u00a0consultores.lisboa@ozonaconsulting.com[\/vc_column_text][\/vc_column_inner][\/vc_row_inner][\/vc_column][\/vc_row][vc_row css_animation=&#8221;&#8221; row_type=&#8221;row&#8221; use_row_as_full_screen_section=&#8221;no&#8221; type=&#8221;full_width&#8221; angled_section=&#8221;no&#8221; text_align=&#8221;left&#8221; background_image_as_pattern=&#8221;without_pattern&#8221;][vc_column][vc_column_text]<\/p>\n<p>[\/vc_column_text][\/vc_column][\/vc_row]<\/p>\n<\/div>","protected":false},"excerpt":{"rendered":"<p>[vc_row css_animation=&#8221;&#8221; row_type=&#8221;row&#8221; use_row_as_full_screen_section=&#8221;no&#8221; type=&#8221;full_width&#8221; angled_section=&#8221;no&#8221; text_align=&#8221;left&#8221; background_image_as_pattern=&#8221;without_pattern&#8221; background_color=&#8221;#e8e8e8&#8243; padding_top=&#8221;70&#8243; padding_bottom=&#8221;50&#8243; css=&#8221;.vc_custom_1443952192133{background-color: #ffffff !important;}&#8221;][vc_column][vc_row_inner row_type=&#8221;row&#8221; type=&#8221;grid&#8221; text_align=&#8221;left&#8221; css_animation=&#8221;&#8221;][vc_column_inner][vc_column_text]O cumprimento do Regulamento Geral de Prote\u00e7\u00e3o de Dados (RGPD) \u00e9 obrigat\u00f3rio e visa harmonizar as regras relativas \u00e0 liberdade de circula\u00e7\u00e3o dos dados pessoais nos diferentes Estados-Membros&#8230;<\/p>\n","protected":false},"author":1,"featured_media":0,"parent":0,"menu_order":0,"comment_status":"closed","ping_status":"closed","template":"full_width.php","meta":{"_seopress_robots_primary_cat":"","_seopress_titles_title":"","_seopress_titles_desc":"","_seopress_robots_index":"","content-type":"","ngg_post_thumbnail":0,"footnotes":""},"class_list":["post-2374","page","type-page","status-publish","hentry"],"_links":{"self":[{"href":"https:\/\/www.ozonaconsulting.com\/pt\/wp-json\/wp\/v2\/pages\/2374","targetHints":{"allow":["GET"]}}],"collection":[{"href":"https:\/\/www.ozonaconsulting.com\/pt\/wp-json\/wp\/v2\/pages"}],"about":[{"href":"https:\/\/www.ozonaconsulting.com\/pt\/wp-json\/wp\/v2\/types\/page"}],"author":[{"embeddable":true,"href":"https:\/\/www.ozonaconsulting.com\/pt\/wp-json\/wp\/v2\/users\/1"}],"replies":[{"embeddable":true,"href":"https:\/\/www.ozonaconsulting.com\/pt\/wp-json\/wp\/v2\/comments?post=2374"}],"version-history":[{"count":21,"href":"https:\/\/www.ozonaconsulting.com\/pt\/wp-json\/wp\/v2\/pages\/2374\/revisions"}],"predecessor-version":[{"id":2432,"href":"https:\/\/www.ozonaconsulting.com\/pt\/wp-json\/wp\/v2\/pages\/2374\/revisions\/2432"}],"wp:attachment":[{"href":"https:\/\/www.ozonaconsulting.com\/pt\/wp-json\/wp\/v2\/media?parent=2374"}],"curies":[{"name":"wp","href":"https:\/\/api.w.org\/{rel}","templated":true}]}}